{"id":9957,"date":"2022-06-18T10:23:38","date_gmt":"2022-06-18T08:23:38","guid":{"rendered":"https:\/\/sportseniorcourdimanche.com\/?page_id=9957"},"modified":"2026-04-25T11:07:10","modified_gmt":"2026-04-25T09:07:10","slug":"atelier-photo-2-2-2","status":"publish","type":"page","link":"https:\/\/sportseniorcourdimanche.com\/?page_id=9957","title":{"rendered":"Atelier photo"},"content":{"rendered":"\n<div class=\"wp-block-media-text is-stacked-on-mobile\" style=\"grid-template-columns:15% auto\"><figure class=\"wp-block-media-text__media\"><img loading=\"lazy\" decoding=\"async\" width=\"293\" height=\"232\" src=\"https:\/\/sportseniorcourdimanche.com\/wp-content\/uploads\/2026\/02\/AT-PH.png\" alt=\"\" class=\"wp-image-15437 size-full\"\/><\/figure><div class=\"wp-block-media-text__content\">\n<h3 class=\"wp-block-heading\">Animation : <strong><span style=\"color: #000080;\">Eric DELECOLLE et Patrick SAUTRET<\/span><\/strong><\/h3>\n\n\n\n<h3 class=\"wp-block-heading\">R\u00e9f\u00e9rent&nbsp; de &nbsp;l\u2019activit\u00e9 :<strong> <span style=\"color: #000080;\">Eric DELECOLLE<\/span><\/strong><\/h3>\n<\/div><\/div>\n\n\n\n<h3 class=\"wp-block-heading\">Cotisation annuelle : <span style=\"color: #000080;\"><strong>25.00 euros\/adh\u00e9rent<\/strong><\/span><\/h3>\n\n\n\n<h2 class=\"wp-block-heading\"><span style=\"color: #0000ff;\"><strong>Pr\u00e9sentation en quelques mots<\/strong><\/span><\/h2>\n\n\n\n<p><strong>Plongez dans l\u2019univers captivant de la photographie !<\/strong><br>Notre activit\u00e9 est con\u00e7ue pour ceux qui souhaitent&nbsp;acqu\u00e9rir les bases techniques&nbsp;essentielles tout en se divertissant.<br>C\u2019est un moment privil\u00e9gi\u00e9 o\u00f9&nbsp;cr\u00e9ativit\u00e9 et plaisir ludique&nbsp;se rencontrent.<br>L\u2019animation est enti\u00e8rement ax\u00e9e sur la&nbsp;participation active de chacun, favorisant l\u2019\u00e9change bienveillant, la&nbsp;prise de parole&nbsp;et une atmosph\u00e8re chaleureuse de&nbsp;convivialit\u00e9.<\/p>\n\n\n\n<h2 class=\"wp-block-heading\"><span style=\"color: #0000ff;\"><strong>Organisation<\/strong><\/span><\/h2>\n\n\n\n<h3 class=\"wp-block-heading\">S\u00e9ances : <strong>lundi&nbsp; Horaires : 14h 30 \u00e0 16h 30<\/strong><\/h3>\n\n\n\n<h3 class=\"wp-block-heading\">Lieu : <strong>MELC, 64 boulevard des Chasseurs \u00e0 Courdimanche<\/strong><\/h3>\n\n\n\n<h3 class=\"wp-block-heading\">Public : &nbsp; <strong>&nbsp; adh\u00e9rent au CSSSC<\/strong><\/h3>\n\n\n\n<h3 class=\"wp-block-heading\">R\u00e8glement\u00a0 sp\u00e9cifique \u00e0\u00a0 l\u2019activit\u00e9 : <span style=\"color: #ff0000;\"><em><strong><a href=\"https:\/\/sportseniorcourdimanche.com\/wp-content\/uploads\/2026\/02\/RS-atelier-photo-MaJ-2026-1.pdf\" target=\"_blank\" rel=\"noreferrer noopener\">RS atelier photo M\u00e0J 2026<\/a><\/strong><\/em><\/span><\/h3>\n\n\n\n<h2 class=\"wp-block-heading\"><strong><span style=\"color: #0000ff;\">En savoir plus sur l&#8217;activit\u00e9<\/span><\/strong><\/h2>\n\n\n\n<h3 class=\"wp-block-heading\"><span style=\"color: #000000;\"><strong>Au programme des ateliers photo :&nbsp;<\/strong><\/span><strong>Que ferons-nous ?<\/strong> \u00ab <em>Personne ne sait tout, mais tout le monde sait quelque chose \u00bb<\/em><\/h3>\n\n\n\n<ul class=\"wp-block-list\">\n<li>Des moments de questions-r\u00e9ponses autour de la photographie,<\/li>\n\n\n\n<li>Des sorties photo (\u00e0 th\u00e8me ou libre),<\/li>\n\n\n\n<li>Un regard collectif et bienveillant sur nos images, pour progresser sans jugement,<\/li>\n\n\n\n<li>Les photos du mois, concours interne (<em>pas de stress, pas de jugement, entre nous<\/em>),<\/li>\n\n\n\n<li>Traitement d\u2019image, analyse, partage, conseil,<\/li>\n\n\n\n<li>Un zeste de technique et de conseil,<\/li>\n\n\n\n<li>Un peu de reportages dans le cadre du \u00ab Club Sport S\u00e9nior Sant\u00e9 \u00bb,<\/li>\n\n\n\n<li>Des ateliers \u00e0 th\u00e8me.<\/li>\n<\/ul>\n","protected":false},"excerpt":{"rendered":"<p>Animation : Eric DELECOLLE et Patrick SAUTRET R\u00e9f\u00e9rent&nbsp; de &nbsp;l\u2019activit\u00e9 : Eric DELECOLLE Cotisation annuelle : 25.00 euros\/adh\u00e9rent Pr\u00e9sentation en quelques mots Plongez dans l\u2019univers captivant de la photographie !Notre activit\u00e9 est con\u00e7ue pour ceux qui souhaitent&nbsp;acqu\u00e9rir les bases techniques&nbsp;essentielles tout en se divertissant.C\u2019est un moment privil\u00e9gi\u00e9 o\u00f9&nbsp;cr\u00e9ativit\u00e9 et plaisir ludique&nbsp;se rencontrent.L\u2019animation est enti\u00e8rement ax\u00e9e [&hellip;]<\/p>\n","protected":false},"author":3,"featured_media":0,"parent":0,"menu_order":0,"comment_status":"closed","ping_status":"closed","template":"activit-s","meta":{"footnotes":""},"class_list":["post-9957","page","type-page","status-publish","hentry"],"_links":{"self":[{"href":"https:\/\/sportseniorcourdimanche.com\/index.php?rest_route=\/wp\/v2\/pages\/9957","targetHints":{"allow":["GET"]}}],"collection":[{"href":"https:\/\/sportseniorcourdimanche.com\/index.php?rest_route=\/wp\/v2\/pages"}],"about":[{"href":"https:\/\/sportseniorcourdimanche.com\/index.php?rest_route=\/wp\/v2\/types\/page"}],"author":[{"embeddable":true,"href":"https:\/\/sportseniorcourdimanche.com\/index.php?rest_route=\/wp\/v2\/users\/3"}],"replies":[{"embeddable":true,"href":"https:\/\/sportseniorcourdimanche.com\/index.php?rest_route=%2Fwp%2Fv2%2Fcomments&post=9957"}],"version-history":[{"count":68,"href":"https:\/\/sportseniorcourdimanche.com\/index.php?rest_route=\/wp\/v2\/pages\/9957\/revisions"}],"predecessor-version":[{"id":16018,"href":"https:\/\/sportseniorcourdimanche.com\/index.php?rest_route=\/wp\/v2\/pages\/9957\/revisions\/16018"}],"wp:attachment":[{"href":"https:\/\/sportseniorcourdimanche.com\/index.php?rest_route=%2Fwp%2Fv2%2Fmedia&parent=9957"}],"curies":[{"name":"wp","href":"https:\/\/api.w.org\/{rel}","templated":true}]}}