{"id":9,"date":"2017-03-12T15:03:00","date_gmt":"2017-03-12T14:03:00","guid":{"rendered":"http:\/\/sportseniorcourdimanche.com\/?page_id=9"},"modified":"2026-01-02T12:39:24","modified_gmt":"2026-01-02T11:39:24","slug":"club-et-agenda","status":"publish","type":"page","link":"https:\/\/sportseniorcourdimanche.com\/?page_id=9","title":{"rendered":"Le club"},"content":{"rendered":"<h2><span style=\"color: #3366ff;\">Cliquez sur les diff\u00e9rentes rubriques \u00e0 gauche de l&#8217;\u00e9cran afin d&#8217;y retrouverez une mine d&#8217;informations sur le fonctionnement de notre club.<\/span><\/h2>\n\n\n<p><\/p>\n","protected":false},"excerpt":{"rendered":"<p>Cliquez sur les diff\u00e9rentes rubriques \u00e0 gauche de l&#8217;\u00e9cran afin d&#8217;y retrouverez une mine d&#8217;informations sur le fonctionnement de notre club.<\/p>\n","protected":false},"author":3,"featured_media":0,"parent":0,"menu_order":0,"comment_status":"closed","ping_status":"closed","template":"le-club","meta":{"footnotes":""},"class_list":["post-9","page","type-page","status-publish","hentry"],"_links":{"self":[{"href":"https:\/\/sportseniorcourdimanche.com\/index.php?rest_route=\/wp\/v2\/pages\/9","targetHints":{"allow":["GET"]}}],"collection":[{"href":"https:\/\/sportseniorcourdimanche.com\/index.php?rest_route=\/wp\/v2\/pages"}],"about":[{"href":"https:\/\/sportseniorcourdimanche.com\/index.php?rest_route=\/wp\/v2\/types\/page"}],"author":[{"embeddable":true,"href":"https:\/\/sportseniorcourdimanche.com\/index.php?rest_route=\/wp\/v2\/users\/3"}],"replies":[{"embeddable":true,"href":"https:\/\/sportseniorcourdimanche.com\/index.php?rest_route=%2Fwp%2Fv2%2Fcomments&post=9"}],"version-history":[{"count":12,"href":"https:\/\/sportseniorcourdimanche.com\/index.php?rest_route=\/wp\/v2\/pages\/9\/revisions"}],"predecessor-version":[{"id":14728,"href":"https:\/\/sportseniorcourdimanche.com\/index.php?rest_route=\/wp\/v2\/pages\/9\/revisions\/14728"}],"wp:attachment":[{"href":"https:\/\/sportseniorcourdimanche.com\/index.php?rest_route=%2Fwp%2Fv2%2Fmedia&parent=9"}],"curies":[{"name":"wp","href":"https:\/\/api.w.org\/{rel}","templated":true}]}}