{"id":6,"date":"2017-05-07T15:21:18","date_gmt":"2017-05-07T13:21:18","guid":{"rendered":"http:\/\/sportseniorcourdimanche.com\/?page_id=6"},"modified":"2026-04-29T22:20:15","modified_gmt":"2026-04-29T20:20:15","slug":"accueil","status":"publish","type":"page","link":"https:\/\/sportseniorcourdimanche.com\/","title":{"rendered":"Accueil"},"content":{"rendered":"\n<figure class=\"wp-block-image aligncenter size-full is-resized\"><img loading=\"lazy\" decoding=\"async\" width=\"1252\" height=\"502\" src=\"https:\/\/sportseniorcourdimanche.com\/wp-content\/uploads\/2026\/01\/Message-bienvenue.png\" alt=\"\" class=\"wp-image-14833\" style=\"aspect-ratio:2.49407040806798;width:1822px;height:auto\" srcset=\"https:\/\/sportseniorcourdimanche.com\/wp-content\/uploads\/2026\/01\/Message-bienvenue.png 1252w, https:\/\/sportseniorcourdimanche.com\/wp-content\/uploads\/2026\/01\/Message-bienvenue-450x180.png 450w, https:\/\/sportseniorcourdimanche.com\/wp-content\/uploads\/2026\/01\/Message-bienvenue-768x308.png 768w\" sizes=\"auto, (max-width: 1252px) 100vw, 1252px\" \/><\/figure>\n\n\n\n<figure class=\"wp-block-image aligncenter size-full is-resized\"><img loading=\"lazy\" decoding=\"async\" width=\"1261\" height=\"136\" src=\"https:\/\/sportseniorcourdimanche.com\/wp-content\/uploads\/2025\/12\/T5.png\" alt=\"\" class=\"wp-image-14205\" style=\"aspect-ratio:9.273009307135471;width:1871px;height:auto\" srcset=\"https:\/\/sportseniorcourdimanche.com\/wp-content\/uploads\/2025\/12\/T5.png 1261w, https:\/\/sportseniorcourdimanche.com\/wp-content\/uploads\/2025\/12\/T5-450x49.png 450w, https:\/\/sportseniorcourdimanche.com\/wp-content\/uploads\/2025\/12\/T5-768x83.png 768w\" sizes=\"auto, (max-width: 1261px) 100vw, 1261px\" \/><\/figure>\n\n\n\n<figure class=\"wp-block-image aligncenter size-full is-resized\"><img loading=\"lazy\" decoding=\"async\" width=\"1313\" height=\"327\" src=\"https:\/\/sportseniorcourdimanche.com\/wp-content\/uploads\/2026\/04\/cr-03.png\" alt=\"\" class=\"wp-image-16065\" style=\"aspect-ratio:4.015626493357546;width:1685px;height:auto\" srcset=\"https:\/\/sportseniorcourdimanche.com\/wp-content\/uploads\/2026\/04\/cr-03.png 1313w, https:\/\/sportseniorcourdimanche.com\/wp-content\/uploads\/2026\/04\/cr-03-450x112.png 450w, https:\/\/sportseniorcourdimanche.com\/wp-content\/uploads\/2026\/04\/cr-03-768x191.png 768w\" sizes=\"auto, (max-width: 1313px) 100vw, 1313px\" \/><\/figure>\n\n\n\n<figure class=\"wp-block-image aligncenter size-full is-resized\"><img loading=\"lazy\" decoding=\"async\" width=\"1392\" height=\"735\" src=\"https:\/\/sportseniorcourdimanche.com\/wp-content\/uploads\/2026\/04\/Planning-2026-marche-rando-2-ieme-trimestre-acceuil-WEB.xlsx-1.png\" alt=\"\" class=\"wp-image-15797\" style=\"aspect-ratio:1.89389655392334;width:1728px;height:auto\" srcset=\"https:\/\/sportseniorcourdimanche.com\/wp-content\/uploads\/2026\/04\/Planning-2026-marche-rando-2-ieme-trimestre-acceuil-WEB.xlsx-1.png 1392w, https:\/\/sportseniorcourdimanche.com\/wp-content\/uploads\/2026\/04\/Planning-2026-marche-rando-2-ieme-trimestre-acceuil-WEB.xlsx-1-450x238.png 450w, https:\/\/sportseniorcourdimanche.com\/wp-content\/uploads\/2026\/04\/Planning-2026-marche-rando-2-ieme-trimestre-acceuil-WEB.xlsx-1-768x406.png 768w, https:\/\/sportseniorcourdimanche.com\/wp-content\/uploads\/2026\/04\/Planning-2026-marche-rando-2-ieme-trimestre-acceuil-WEB.xlsx-1-1320x697.png 1320w\" sizes=\"auto, (max-width: 1392px) 100vw, 1392px\" \/><\/figure>\n\n\n\n\n\n<figure class=\"wp-block-image aligncenter size-full is-resized\"><a href=\"https:\/\/sportseniorcourdimanche.com\/wp-content\/uploads\/2026\/01\/2026-Saint-Sebastien.pptx\"><img loading=\"lazy\" decoding=\"async\" width=\"1250\" height=\"265\" src=\"https:\/\/sportseniorcourdimanche.com\/wp-content\/uploads\/2026\/01\/acti.png\" alt=\"\" class=\"wp-image-14757\" style=\"aspect-ratio:4.717200306621852;width:1862px;height:auto\" srcset=\"https:\/\/sportseniorcourdimanche.com\/wp-content\/uploads\/2026\/01\/acti.png 1250w, https:\/\/sportseniorcourdimanche.com\/wp-content\/uploads\/2026\/01\/acti-450x95.png 450w, https:\/\/sportseniorcourdimanche.com\/wp-content\/uploads\/2026\/01\/acti-768x163.png 768w\" sizes=\"auto, (max-width: 1250px) 100vw, 1250px\" \/><\/a><\/figure>\n\n\n\n<div class=\"wp-block-columns is-layout-flex wp-container-core-columns-is-layout-28f84493 wp-block-columns-is-layout-flex\">\n<div class=\"wp-block-column is-layout-flow wp-block-column-is-layout-flow\">\n<figure class=\"wp-block-image aligncenter size-full\"><a href=\"https:\/\/sportseniorcourdimanche.com\/?page_id=9957\"><img loading=\"lazy\" decoding=\"async\" width=\"304\" height=\"361\" src=\"https:\/\/sportseniorcourdimanche.com\/wp-content\/uploads\/2025\/11\/p1-1.png\" alt=\"\" class=\"wp-image-14021\"\/><\/a><\/figure>\n<\/div>\n\n\n\n<div class=\"wp-block-column is-layout-flow wp-block-column-is-layout-flow\">\n<figure class=\"wp-block-image aligncenter size-full\"><a href=\"https:\/\/sportseniorcourdimanche.com\/?page_id=11609\"><img loading=\"lazy\" decoding=\"async\" width=\"307\" height=\"364\" src=\"https:\/\/sportseniorcourdimanche.com\/wp-content\/uploads\/2025\/11\/p2-2.png\" alt=\"\" class=\"wp-image-14022\"\/><\/a><\/figure>\n<\/div>\n\n\n\n<div class=\"wp-block-column is-layout-flow wp-block-column-is-layout-flow\">\n<figure class=\"wp-block-image aligncenter size-full\"><a href=\"https:\/\/sportseniorcourdimanche.com\/?page_id=339\"><img loading=\"lazy\" decoding=\"async\" width=\"315\" height=\"364\" src=\"https:\/\/sportseniorcourdimanche.com\/wp-content\/uploads\/2025\/11\/p3-2.png\" alt=\"\" class=\"wp-image-14020\"\/><\/a><\/figure>\n<\/div>\n<\/div>\n\n\n\n<div class=\"wp-block-columns is-layout-flex wp-container-core-columns-is-layout-28f84493 wp-block-columns-is-layout-flex\">\n<div class=\"wp-block-column is-layout-flow wp-block-column-is-layout-flow\">\n<figure class=\"wp-block-image aligncenter size-full\"><a href=\"https:\/\/sportseniorcourdimanche.com\/?page_id=319\"><img loading=\"lazy\" decoding=\"async\" width=\"316\" height=\"364\" src=\"https:\/\/sportseniorcourdimanche.com\/wp-content\/uploads\/2025\/11\/p4-1.png\" alt=\"\" class=\"wp-image-14019\"\/><\/a><\/figure>\n<\/div>\n\n\n\n<div class=\"wp-block-column is-layout-flow wp-block-column-is-layout-flow\">\n<figure class=\"wp-block-image aligncenter size-full\"><a href=\"https:\/\/sportseniorcourdimanche.com\/?page_id=11175\"><img loading=\"lazy\" decoding=\"async\" width=\"307\" height=\"366\" src=\"https:\/\/sportseniorcourdimanche.com\/wp-content\/uploads\/2025\/11\/p5-1.png\" alt=\"\" class=\"wp-image-14025\"\/><\/a><\/figure>\n<\/div>\n\n\n\n<div class=\"wp-block-column is-layout-flow wp-block-column-is-layout-flow\">\n<figure class=\"wp-block-image aligncenter size-full\"><a href=\"https:\/\/sportseniorcourdimanche.com\/?page_id=8223\"><img loading=\"lazy\" decoding=\"async\" width=\"308\" height=\"358\" src=\"https:\/\/sportseniorcourdimanche.com\/wp-content\/uploads\/2025\/11\/p6-2.png\" alt=\"\" class=\"wp-image-14023\"\/><\/a><\/figure>\n<\/div>\n<\/div>\n\n\n\n<div class=\"wp-block-columns is-layout-flex wp-container-core-columns-is-layout-28f84493 wp-block-columns-is-layout-flex\">\n<div class=\"wp-block-column is-layout-flow wp-block-column-is-layout-flow\">\n<figure class=\"wp-block-image aligncenter size-full\"><a href=\"https:\/\/sportseniorcourdimanche.com\/?page_id=297\"><img loading=\"lazy\" decoding=\"async\" width=\"308\" height=\"353\" src=\"https:\/\/sportseniorcourdimanche.com\/wp-content\/uploads\/2025\/11\/p7-2.png\" alt=\"\" class=\"wp-image-14026\"\/><\/a><\/figure>\n<\/div>\n\n\n\n<div class=\"wp-block-column is-layout-flow wp-block-column-is-layout-flow\">\n<figure class=\"wp-block-image aligncenter size-full\"><a href=\"https:\/\/sportseniorcourdimanche.com\/?page_id=9787\"><img loading=\"lazy\" decoding=\"async\" width=\"306\" height=\"358\" src=\"https:\/\/sportseniorcourdimanche.com\/wp-content\/uploads\/2025\/11\/p8-1.png\" alt=\"\" class=\"wp-image-14024\"\/><\/a><\/figure>\n<\/div>\n\n\n\n<div class=\"wp-block-column is-layout-flow wp-block-column-is-layout-flow\">\n<figure class=\"wp-block-image aligncenter size-full\"><a href=\"https:\/\/sportseniorcourdimanche.com\/?page_id=4460\"><img loading=\"lazy\" decoding=\"async\" width=\"316\" height=\"357\" src=\"https:\/\/sportseniorcourdimanche.com\/wp-content\/uploads\/2025\/11\/p9.png\" alt=\"\" class=\"wp-image-13936\"\/><\/a><\/figure>\n<\/div>\n<\/div>\n\n\n\n<div class=\"wp-block-columns is-layout-flex wp-container-core-columns-is-layout-28f84493 wp-block-columns-is-layout-flex\">\n<div class=\"wp-block-column is-layout-flow wp-block-column-is-layout-flow\">\n<figure class=\"wp-block-image aligncenter size-full\"><a href=\"https:\/\/sportseniorcourdimanche.com\/?page_id=10802\"><img loading=\"lazy\" decoding=\"async\" width=\"317\" height=\"358\" src=\"https:\/\/sportseniorcourdimanche.com\/wp-content\/uploads\/2025\/11\/p10.png\" alt=\"\" class=\"wp-image-13937\"\/><\/a><\/figure>\n<\/div>\n\n\n\n<div class=\"wp-block-column is-layout-flow wp-block-column-is-layout-flow\">\n<figure class=\"wp-block-image aligncenter size-full\"><a href=\"https:\/\/sportseniorcourdimanche.com\/?page_id=5974\"><img loading=\"lazy\" decoding=\"async\" width=\"306\" height=\"352\" src=\"https:\/\/sportseniorcourdimanche.com\/wp-content\/uploads\/2025\/11\/p11.png\" alt=\"\" class=\"wp-image-13938\"\/><\/a><\/figure>\n<\/div>\n\n\n\n<div class=\"wp-block-column is-layout-flow wp-block-column-is-layout-flow\">\n<figure class=\"wp-block-image aligncenter size-full\"><a href=\"https:\/\/sportseniorcourdimanche.com\/?page_id=325\"><img loading=\"lazy\" decoding=\"async\" width=\"317\" height=\"351\" src=\"https:\/\/sportseniorcourdimanche.com\/wp-content\/uploads\/2025\/11\/p12.png\" alt=\"\" class=\"wp-image-13939\"\/><\/a><\/figure>\n<\/div>\n<\/div>\n\n\n\n<div class=\"wp-block-columns is-layout-flex wp-container-core-columns-is-layout-28f84493 wp-block-columns-is-layout-flex\">\n<div class=\"wp-block-column is-layout-flow wp-block-column-is-layout-flow\">\n<figure class=\"wp-block-image aligncenter size-full\"><a href=\"https:\/\/sportseniorcourdimanche.com\/?page_id=336\"><img loading=\"lazy\" decoding=\"async\" width=\"315\" height=\"352\" src=\"https:\/\/sportseniorcourdimanche.com\/wp-content\/uploads\/2025\/11\/p13.png\" alt=\"\" class=\"wp-image-13940\"\/><\/a><\/figure>\n<\/div>\n\n\n\n<div class=\"wp-block-column is-layout-flow wp-block-column-is-layout-flow\">\n<figure class=\"wp-block-image aligncenter size-full\"><a href=\"https:\/\/sportseniorcourdimanche.com\/?page_id=13316\"><img loading=\"lazy\" decoding=\"async\" width=\"305\" height=\"351\" src=\"https:\/\/sportseniorcourdimanche.com\/wp-content\/uploads\/2025\/11\/p14.png\" alt=\"\" class=\"wp-image-13941\"\/><\/a><\/figure>\n<\/div>\n\n\n\n<div class=\"wp-block-column is-layout-flow wp-block-column-is-layout-flow\">\n<figure class=\"wp-block-image aligncenter size-full\"><a href=\"https:\/\/sportseniorcourdimanche.com\/?page_id=313\"><img loading=\"lazy\" decoding=\"async\" width=\"307\" height=\"358\" src=\"https:\/\/sportseniorcourdimanche.com\/wp-content\/uploads\/2025\/11\/p15.png\" alt=\"\" class=\"wp-image-13942\"\/><\/a><\/figure>\n<\/div>\n<\/div>\n\n\n\n<div class=\"wp-block-columns is-layout-flex wp-container-core-columns-is-layout-28f84493 wp-block-columns-is-layout-flex\">\n<div class=\"wp-block-column is-layout-flow wp-block-column-is-layout-flow\">\n<figure class=\"wp-block-image aligncenter size-full\"><a href=\"https:\/\/sportseniorcourdimanche.com\/?page_id=2719\"><img loading=\"lazy\" decoding=\"async\" width=\"306\" height=\"356\" src=\"https:\/\/sportseniorcourdimanche.com\/wp-content\/uploads\/2025\/11\/p16.png\" alt=\"\" class=\"wp-image-13943\"\/><\/a><\/figure>\n<\/div>\n\n\n\n<div class=\"wp-block-column is-layout-flow wp-block-column-is-layout-flow\">\n<figure class=\"wp-block-image aligncenter size-full\"><a href=\"https:\/\/sportseniorcourdimanche.com\/?page_id=310\"><img loading=\"lazy\" decoding=\"async\" width=\"309\" height=\"356\" src=\"https:\/\/sportseniorcourdimanche.com\/wp-content\/uploads\/2025\/11\/p17.png\" alt=\"\" class=\"wp-image-13944\"\/><\/a><\/figure>\n<\/div>\n\n\n\n<div class=\"wp-block-column is-layout-flow wp-block-column-is-layout-flow\">\n<figure class=\"wp-block-image aligncenter size-full\"><a href=\"https:\/\/sportseniorcourdimanche.com\/?page_id=10892\"><img loading=\"lazy\" decoding=\"async\" width=\"316\" height=\"357\" src=\"https:\/\/sportseniorcourdimanche.com\/wp-content\/uploads\/2025\/11\/p19-1.png\" alt=\"\" class=\"wp-image-13970\"\/><\/a><\/figure>\n<\/div>\n<\/div>\n\n\n\n<figure class=\"wp-block-image aligncenter size-full is-resized\"><img loading=\"lazy\" decoding=\"async\" width=\"1940\" height=\"216\" src=\"https:\/\/sportseniorcourdimanche.com\/wp-content\/uploads\/2026\/01\/info.png\" alt=\"\" class=\"wp-image-14756\" style=\"aspect-ratio:8.982129724959552;width:1832px;height:auto\" srcset=\"https:\/\/sportseniorcourdimanche.com\/wp-content\/uploads\/2026\/01\/info.png 1940w, https:\/\/sportseniorcourdimanche.com\/wp-content\/uploads\/2026\/01\/info-450x50.png 450w, https:\/\/sportseniorcourdimanche.com\/wp-content\/uploads\/2026\/01\/info-768x86.png 768w, https:\/\/sportseniorcourdimanche.com\/wp-content\/uploads\/2026\/01\/info-1536x171.png 1536w, https:\/\/sportseniorcourdimanche.com\/wp-content\/uploads\/2026\/01\/info-1320x147.png 1320w\" sizes=\"auto, (max-width: 1940px) 100vw, 1940px\" \/><\/figure>\n\n\n\n<div class=\"wp-block-columns is-layout-flex wp-container-core-columns-is-layout-28f84493 wp-block-columns-is-layout-flex\">\n<div class=\"wp-block-column is-layout-flow wp-block-column-is-layout-flow\">\n<figure class=\"wp-block-image aligncenter size-large\"><a href=\"https:\/\/sportseniorcourdimanche.com\/?page_id=6222\"><img loading=\"lazy\" decoding=\"async\" width=\"291\" height=\"349\" src=\"https:\/\/sportseniorcourdimanche.com\/wp-content\/uploads\/2026\/01\/ip.png\" alt=\"\" class=\"wp-image-14762\"\/><\/a><\/figure>\n<\/div>\n\n\n\n<div class=\"wp-block-column is-layout-flow wp-block-column-is-layout-flow\">\n<figure class=\"wp-block-image aligncenter size-large\"><a href=\"https:\/\/sportseniorcourdimanche.com\/?page_id=1115\"><img loading=\"lazy\" decoding=\"async\" width=\"281\" height=\"345\" src=\"https:\/\/sportseniorcourdimanche.com\/wp-content\/uploads\/2026\/01\/c.png\" alt=\"\" class=\"wp-image-14761\"\/><\/a><\/figure>\n<\/div>\n\n\n\n<div class=\"wp-block-column is-layout-flow wp-block-column-is-layout-flow\">\n<figure class=\"wp-block-image aligncenter size-large is-resized\"><a href=\"https:\/\/sportseniorcourdimanche.com\/?page_id=6976\"><img loading=\"lazy\" decoding=\"async\" width=\"286\" height=\"352\" src=\"https:\/\/sportseniorcourdimanche.com\/wp-content\/uploads\/2026\/01\/v.png\" alt=\"\" class=\"wp-image-14759\" style=\"width:270px;height:auto\"\/><\/a><\/figure>\n<\/div>\n<\/div>\n\n\n\n<div class=\"wp-block-columns is-layout-flex wp-container-core-columns-is-layout-28f84493 wp-block-columns-is-layout-flex\">\n<div class=\"wp-block-column is-layout-flow wp-block-column-is-layout-flow\">\n<figure class=\"wp-block-image aligncenter size-large\"><a href=\"https:\/\/sportseniorcourdimanche.com\/?page_id=9082\"><img loading=\"lazy\" decoding=\"async\" width=\"289\" height=\"342\" src=\"https:\/\/sportseniorcourdimanche.com\/wp-content\/uploads\/2026\/01\/bp.png\" alt=\"\" class=\"wp-image-14764\"\/><\/a><\/figure>\n<\/div>\n\n\n\n<div class=\"wp-block-column is-layout-flow wp-block-column-is-layout-flow\">\n<figure class=\"wp-block-image aligncenter size-full\"><a href=\"https:\/\/sportseniorcourdimanche.com\/?page_id=2429\"><img loading=\"lazy\" decoding=\"async\" width=\"286\" height=\"346\" src=\"https:\/\/sportseniorcourdimanche.com\/wp-content\/uploads\/2026\/01\/b.png\" alt=\"\" class=\"wp-image-14765\"\/><\/a><\/figure>\n<\/div>\n\n\n\n<div class=\"wp-block-column is-layout-flow wp-block-column-is-layout-flow\">\n<figure class=\"wp-block-image aligncenter size-large\"><a href=\"https:\/\/sportseniorcourdimanche.com\/?page_id=599\"><img loading=\"lazy\" decoding=\"async\" width=\"281\" height=\"345\" src=\"https:\/\/sportseniorcourdimanche.com\/wp-content\/uploads\/2026\/01\/cc.png\" alt=\"\" class=\"wp-image-14763\"\/><\/a><\/figure>\n<\/div>\n<\/div>\n","protected":false},"excerpt":{"rendered":"<p>Pr\u00e9visions des prochaines Marches et Randonn\u00e9es(zone de d\u00e9part- Le point de rendez-vous sera donn\u00e9 dans le mail d&#8217;invitation) Cliquer sur le rep\u00e8re pour voir sa date &#8211; Les randonn\u00e9es sont en rouge et les marches en vert<\/p>\n","protected":false},"author":3,"featured_media":0,"parent":0,"menu_order":0,"comment_status":"closed","ping_status":"closed","template":"page-no-title","meta":{"footnotes":""},"class_list":["post-6","page","type-page","status-publish","hentry"],"_links":{"self":[{"href":"https:\/\/sportseniorcourdimanche.com\/index.php?rest_route=\/wp\/v2\/pages\/6","targetHints":{"allow":["GET"]}}],"collection":[{"href":"https:\/\/sportseniorcourdimanche.com\/index.php?rest_route=\/wp\/v2\/pages"}],"about":[{"href":"https:\/\/sportseniorcourdimanche.com\/index.php?rest_route=\/wp\/v2\/types\/page"}],"author":[{"embeddable":true,"href":"https:\/\/sportseniorcourdimanche.com\/index.php?rest_route=\/wp\/v2\/users\/3"}],"replies":[{"embeddable":true,"href":"https:\/\/sportseniorcourdimanche.com\/index.php?rest_route=%2Fwp%2Fv2%2Fcomments&post=6"}],"version-history":[{"count":97,"href":"https:\/\/sportseniorcourdimanche.com\/index.php?rest_route=\/wp\/v2\/pages\/6\/revisions"}],"predecessor-version":[{"id":16073,"href":"https:\/\/sportseniorcourdimanche.com\/index.php?rest_route=\/wp\/v2\/pages\/6\/revisions\/16073"}],"wp:attachment":[{"href":"https:\/\/sportseniorcourdimanche.com\/index.php?rest_route=%2Fwp%2Fv2%2Fmedia&parent=6"}],"curies":[{"name":"wp","href":"https:\/\/api.w.org\/{rel}","templated":true}]}}