{"id":599,"date":"2017-09-12T20:00:16","date_gmt":"2017-09-12T18:00:16","guid":{"rendered":"http:\/\/sportseniorcourdimanche.com\/?page_id=599"},"modified":"2025-12-22T22:59:00","modified_gmt":"2025-12-22T21:59:00","slug":"la-gazette-csssc","status":"publish","type":"page","link":"https:\/\/sportseniorcourdimanche.com\/?page_id=599","title":{"rendered":"Le journal du CSSSC"},"content":{"rendered":"\n<h1 class=\"wp-block-heading\"><span style=\"color: #000080;\"><span style=\"color: #3366ff;\"><span style=\"color: #333399;\">C<\/span>ouli<span style=\"color: #333399;\">SS<\/span>e<span style=\"color: #333399;\">S<\/span>.<span style=\"color: #333399;\">C<\/span>om<\/span><\/span><\/h1>\n\n\n\n<h4 class=\"wp-block-heading\">Comit\u00e9 de r\u00e9daction : <span style=\"color: #000080;\"><em>Marie-Pierre Blondel, <strong>Chantal De Saran, <\/strong>Jean-Pierre Hulin, Myriam Malguid et Manuelle Thoumy<\/em><\/span><\/h4>\n\n\n\n<h4 class=\"wp-block-heading\">Vos propositions d&#8217;articles sont \u00e0 envoyer \u00e0 l&#8217;adresse suivante : <span style=\"color: #000080;\"><em>sportseniorcourdimanche@gmail.com<\/em><\/span><\/h4>\n\n\n\n<h4 class=\"wp-block-heading\">Nota : dans l&#8217;objet du mail commencez par le mot &#8221; <em><span style=\"color: #000080;\">journal<\/span> &#8220;<\/em><\/h4>\n\n\n\n<h4 class=\"wp-block-heading\">Les sujets sont ouverts (<em>actualit\u00e9s du club, sport, sant\u00e9, bien-\u00eatre, cuisine, jardinage, bricolage, voyages, id\u00e9es de sorties, trucs et astuces, informatique, critique litt\u00e9raire, etc&#8230;).<\/em><\/h4>\n\n\n\n<h4 class=\"wp-block-heading\">Retrouvez vos journaux :<\/h4>\n\n\n\n<ul class=\"wp-block-list\">\n<li>N\u00b0 21 &#8211; mars 2025 : <strong><em><a href=\"https:\/\/sportseniorcourdimanche.com\/wp-content\/uploads\/2025\/03\/CouliSSeS.Com-021.pdf\">CouliSSeS.Com 021<\/a><\/em><\/strong><\/li>\n\n\n\n<li>N\u00b0 20 &#8211; d\u00e9cembre 2023 : <a href=\"https:\/\/sportseniorcourdimanche.com\/wp-content\/uploads\/2023\/12\/CouliSSeS.Com-020.pdf\"><em>CouliSSeS.Com 020<\/em><\/a><\/li>\n\n\n\n<li>N\u00b0 19 &#8211; d\u00e9cembre 2022 : <em><a href=\"https:\/\/sportseniorcourdimanche.com\/wp-content\/uploads\/2022\/12\/CouliSSeS.Com-019.pdf\">CouliSSeS.Com 019<\/a><\/em><\/li>\n\n\n\n<li>N\u00b018 &#8211; d\u00e9cembre 2021  : <em><span style=\"color: #ff0000;\"><a style=\"color: #ff0000;\" href=\"https:\/\/sportseniorcourdimanche.com\/wp-content\/uploads\/2022\/01\/CouliSSeS.Com-018.pdf\">CouliSSeS.Com 018<\/a><\/span><\/em><\/li>\n\n\n\n<li>N\u00b017 &#8211; avril 2021           : <span style=\"color: #ff0000;\"><em><a style=\"color: #ff0000;\" href=\"https:\/\/sportseniorcourdimanche.com\/wp-content\/uploads\/2021\/04\/CouliSSeS.Com-017.pdf\">CouliSSeS.Com 017<\/a><\/em><\/span><\/li>\n\n\n\n<li>N\u00b016 &#8211; d\u00e9cembre 2020  : <em><span style=\"color: #ff0000;\"><a style=\"color: #ff0000;\" href=\"https:\/\/sportseniorcourdimanche.com\/wp-content\/uploads\/2020\/12\/CouliSSeS.Com-016.pdf\">CouliSSeS.Com 016<\/a><\/span><\/em><\/li>\n\n\n\n<li>N\u00b015 -Juillet 2020          : <span style=\"color: #ff0000;\"><em><a style=\"color: #ff0000;\" href=\"https:\/\/sportseniorcourdimanche.com\/wp-content\/uploads\/2020\/07\/CouliSSeS.Com_.015.pdf\">CouliSSeS.Com.015<\/a><\/em><\/span><\/li>\n\n\n\n<li>N\u00b014 &#8211; Mars 2020          : <span style=\"color: #ff0000;\"><em><a style=\"color: #ff0000;\" href=\"https:\/\/sportseniorcourdimanche.com\/wp-content\/uploads\/2020\/03\/CouliSSeS.Com-014.pdf\">CouliSSeS.Com 014<\/a><\/em><\/span><\/li>\n\n\n\n<li><span style=\"color: #333333;\">N\u00b013 &#8211; D\u00e9cembre 2019 : <span style=\"color: #ff0000;\"><em><a style=\"color: #ff0000;\" href=\"https:\/\/sportseniorcourdimanche.com\/wp-content\/uploads\/2019\/12\/CouliSSeS.Com-013.pdf\">CouliSSeS.Com 013<\/a><\/em><\/span><\/span><\/li>\n\n\n\n<li><span style=\"color: #333333;\">N\u00b012 &#8211; Octobre 2019     : <span style=\"color: #ff0000;\"><em><a style=\"color: #ff0000;\" href=\"https:\/\/sportseniorcourdimanche.com\/wp-content\/uploads\/2019\/10\/CouliSSeS.Com-012.pdf\">CouliSSeS.Com 012<\/a><\/em><\/span><\/span><\/li>\n\n\n\n<li><span style=\"color: #333333;\">N\u00b011 &#8211; <\/span>Juin 2019            : <em><span style=\"color: #ff0000;\"><a style=\"color: #ff0000;\" href=\"https:\/\/sportseniorcourdimanche.com\/wp-content\/uploads\/2019\/10\/CouliSSeS.Com-011.pdf\">CouliSSeS.Com 011<\/a><\/span><\/em><\/li>\n\n\n\n<li><span style=\"color: #333333;\">N\u00b0 10 &#8211; <\/span>Mars 2019          :&nbsp;<span style=\"color: #ff0000;\"><em><a style=\"color: #ff0000;\" href=\"https:\/\/sportseniorcourdimanche.com\/index.php\/la-gazette-csssc\/coulisses-com-010\/\" rel=\"attachment wp-att-3956\">CouliSSeS.Com 010<\/a><\/em><\/span><\/li>\n\n\n\n<li><span style=\"color: #333333;\">N\u00b0 09 &#8211; <\/span>Janvier 2019&nbsp;&nbsp;&nbsp;&nbsp;&nbsp;&nbsp; : <span style=\"color: #ff0000;\"><a style=\"color: #ff0000;\" href=\"https:\/\/sportseniorcourdimanche.com\/wp-content\/uploads\/2019\/01\/CouliSSeS.Com-009.pdf\"><em>CouliSSeS.Com 009<\/em><\/a><\/span><\/li>\n\n\n\n<li><span style=\"color: #333333;\">N\u00b0 08 &#8211; <\/span>Novembre 2018 : <span style=\"color: #ff0000;\"><em><a style=\"color: #ff0000;\" href=\"https:\/\/sportseniorcourdimanche.com\/index.php\/la-gazette-csssc\/coulisses-com-008\/\" rel=\"attachment wp-att-3263\">CouliSSeS.Com 008<\/a><\/em><\/span><\/li>\n\n\n\n<li><span style=\"color: #333333;\">N\u00b0 07 &#8211; <\/span>Juin 2018&nbsp;&nbsp;&nbsp; &nbsp;&nbsp;&nbsp;&nbsp;&nbsp;&nbsp;&nbsp; :<span style=\"color: #ff0000;\"><em> <a style=\"color: #ff0000;\" href=\"https:\/\/sportseniorcourdimanche.com\/wp-content\/uploads\/2018\/06\/CouliSSeS.Com-007.pdf\">CouliSSeS.Com 007<\/a><\/em><\/span><\/li>\n\n\n\n<li><span style=\"color: #333333;\">N\u00b0 06 &#8211; <\/span>Avril 2018&nbsp;&nbsp;&nbsp;&nbsp;&nbsp;&nbsp;&nbsp;&nbsp; &nbsp; : <em><span style=\"color: #ff0000;\"><a style=\"color: #ff0000;\" href=\"https:\/\/sportseniorcourdimanche.com\/wp-content\/uploads\/2018\/04\/CouliSSeS.Com-006.pdf\">CouliSSeS.Com 006<\/a><\/span><\/em><\/li>\n\n\n\n<li><span style=\"color: #333333;\">N\u00b0 05 &#8211; <\/span>Mars 2018 &nbsp; &nbsp; &nbsp; &nbsp;&nbsp; : <span style=\"color: #ff0000;\"><a style=\"color: #ff0000;\" href=\"https:\/\/sportseniorcourdimanche.com\/wp-content\/uploads\/2018\/03\/CouliSSeS.Com-005.pdf\"><em>CouliSSeS.Com 005<\/em><\/a><\/span><\/li>\n\n\n\n<li><span style=\"color: #333333;\">N\u00b0 04 &#8211; <\/span>Janvier 2018&nbsp;&nbsp;&nbsp; &nbsp;&nbsp; : <em><a href=\"https:\/\/sportseniorcourdimanche.com\/wp-content\/uploads\/2018\/01\/Coulisses.com-004..pdf\"><span style=\"color: #ff0000;\">Coulisses.com 004.<\/span><\/a><\/em><\/li>\n\n\n\n<li><span style=\"color: #333333;\">N\u00b0 03 &#8211; D\u00e9cembre 2017 :<\/span><em><span style=\"color: #339966;\">&nbsp;<\/span><span style=\"color: #339966;\"><a href=\"https:\/\/sportseniorcourdimanche.com\/wp-content\/uploads\/2017\/12\/Coulisses.Com-003.pdf\"><span style=\"color: #ff0000;\">Coulisses.Com 003<\/span><\/a><\/span><\/em><\/li>\n\n\n\n<li><span style=\"color: #333333;\">N\u00b0 02 &#8211; Novembre 2017 :<\/span> <em><a href=\"https:\/\/sportseniorcourdimanche.com\/wp-content\/uploads\/2017\/09\/Coulisses.Com-002.pdf\"><span style=\"color: #ff0000;\">Coulisses.Com 002<\/span><\/a><\/em><\/li>\n\n\n\n<li><span style=\"color: #333333;\">N\u00b0 01 &#8211; Octobre 2017&nbsp;&nbsp;&nbsp;&nbsp; :<\/span><em> <a href=\"https:\/\/sportseniorcourdimanche.com\/wp-content\/uploads\/2017\/09\/Coulisses.Com-001.pdf\"><span style=\"color: #ff0000;\">Coulisses.Com 001<\/span><\/a><\/em><\/li>\n<\/ul>\n\n\n\n<h4 class=\"wp-block-heading\"><\/h4>\n\n\n\n<h4 class=\"wp-block-heading\"><span style=\"color: #000080;\"><em>&nbsp;<\/em><\/span><\/h4>\n\n\n\n<h4 class=\"wp-block-heading\"><span style=\"color: #000080;\"><em>&nbsp;<\/em><\/span><\/h4>\n\n\n\n<h4 class=\"wp-block-heading\">&nbsp;<\/h4>\n\n\n\n<h4 class=\"wp-block-heading\"><em>&nbsp;<\/em><\/h4>\n\n\n\n<h4 class=\"wp-block-heading\">&nbsp;<\/h4>\n\n\n\n<p><\/p>\n","protected":false},"excerpt":{"rendered":"<p>CouliSSeS.Com Comit\u00e9 de r\u00e9daction : Marie-Pierre Blondel, Chantal De Saran, Jean-Pierre Hulin, Myriam Malguid et Manuelle Thoumy Vos propositions d&#8217;articles sont \u00e0 envoyer \u00e0 l&#8217;adresse suivante : sportseniorcourdimanche@gmail.com Nota : dans l&#8217;objet du mail commencez par le mot &#8221; journal &#8220; Les sujets sont ouverts (actualit\u00e9s du club, sport, sant\u00e9, bien-\u00eatre, cuisine, jardinage, bricolage, voyages, [&hellip;]<\/p>\n","protected":false},"author":3,"featured_media":0,"parent":0,"menu_order":0,"comment_status":"closed","ping_status":"closed","template":"vie-du-club","meta":{"footnotes":""},"class_list":["post-599","page","type-page","status-publish","hentry"],"_links":{"self":[{"href":"https:\/\/sportseniorcourdimanche.com\/index.php?rest_route=\/wp\/v2\/pages\/599","targetHints":{"allow":["GET"]}}],"collection":[{"href":"https:\/\/sportseniorcourdimanche.com\/index.php?rest_route=\/wp\/v2\/pages"}],"about":[{"href":"https:\/\/sportseniorcourdimanche.com\/index.php?rest_route=\/wp\/v2\/types\/page"}],"author":[{"embeddable":true,"href":"https:\/\/sportseniorcourdimanche.com\/index.php?rest_route=\/wp\/v2\/users\/3"}],"replies":[{"embeddable":true,"href":"https:\/\/sportseniorcourdimanche.com\/index.php?rest_route=%2Fwp%2Fv2%2Fcomments&post=599"}],"version-history":[{"count":77,"href":"https:\/\/sportseniorcourdimanche.com\/index.php?rest_route=\/wp\/v2\/pages\/599\/revisions"}],"predecessor-version":[{"id":13070,"href":"https:\/\/sportseniorcourdimanche.com\/index.php?rest_route=\/wp\/v2\/pages\/599\/revisions\/13070"}],"wp:attachment":[{"href":"https:\/\/sportseniorcourdimanche.com\/index.php?rest_route=%2Fwp%2Fv2%2Fmedia&parent=599"}],"curies":[{"name":"wp","href":"https:\/\/api.w.org\/{rel}","templated":true}]}}