

{"id":458,"date":"2017-05-19T19:21:26","date_gmt":"2017-05-19T17:21:26","guid":{"rendered":"http:\/\/sportseniorcourdimanche.com\/?page_id=458"},"modified":"2025-12-29T17:22:21","modified_gmt":"2025-12-29T16:22:21","slug":"nos-activites-sportives","status":"publish","type":"page","link":"https:\/\/sportseniorcourdimanche.com\/?page_id=458","title":{"rendered":"Nos activit\u00e9s"},"content":{"rendered":"\n<h2 class=\"wp-block-heading\"><span style=\"color: #3366ff;\">S\u00e9lectionnez votre discipline dans la barre de menu pour acc\u00e9der \u00e0 toutes les informations essentielles:<\/span><\/h2>\n\n\n\n<ul style=\"line-height:1\" class=\"wp-block-list\">\n<li><span style=\"color: #000000;\"><strong><mark style=\"background-color:rgba(0, 0, 0, 0)\" class=\"has-inline-color has-accent-3-color\">Encadrement :<\/mark><\/strong> nom de vos animateurs et animatrices.<\/span><\/li>\n\n\n\n<li style=\"line-height:1\"><span style=\"color: #000000;\"><strong><mark style=\"background-color:rgba(0, 0, 0, 0)\" class=\"has-inline-color has-accent-3-color\">Planning : <\/mark><\/strong>dates, horaires et lieux des s\u00e9ances.<\/span><\/li>\n\n\n\n<li style=\"line-height:1\"><span style=\"color: #000000;\"><strong><mark style=\"background-color:rgba(0, 0, 0, 0)\" class=\"has-inline-color has-accent-3-color\">Pratique : <\/mark><\/strong>r\u00e8glement sp\u00e9cifique et conseils utiles.<\/span><\/li>\n\n\n\n<li style=\"line-height:1\"><span style=\"color: #000000;\"><mark style=\"background-color:rgba(0, 0, 0, 0)\" class=\"has-inline-color has-accent-3-color\"><strong>Bien-\u00eatre :<\/strong> <\/mark>les bienfaits de la discipline pour le corps et l&#8217;esprit.<\/span><\/li>\n<\/ul>\n\n\n\n<h2 class=\"wp-block-heading\"><span style=\"color: #3366ff;\">Vous pouvez aussi retrouver nos lieux d&#8217;activit\u00e9s en cliquant sur la carte interactive:<\/span><\/h2>\n\n\n<link rel='stylesheet' id='osm-ol3-css-css' href='https:\/\/sportseniorcourdimanche.com\/wp-content\/plugins\/osm\/js\/OL\/10.9.0\/ol.css?ver=6.9.4' media='all' \/>\n<link rel='stylesheet' id='osm-ol3-ext-css-css' href='https:\/\/sportseniorcourdimanche.com\/wp-content\/plugins\/osm\/css\/osm_map_v3.css?ver=6.9.4' media='all' \/>\n<link rel='stylesheet' id='osm-map-css-css' href='https:\/\/sportseniorcourdimanche.com\/wp-content\/plugins\/osm\/css\/osm_map.css?ver=6.9.4' media='all' \/>\n<script src=\"https:\/\/sportseniorcourdimanche.com\/wp-includes\/js\/dist\/vendor\/wp-polyfill.min.js?ver=3.15.0\" id=\"wp-polyfill-js\"><\/script>\n<script src=\"https:\/\/sportseniorcourdimanche.com\/wp-content\/plugins\/osm\/js\/OL\/10.9.0\/ol.js?ver=10.9.0\" id=\"osm-ol3-library-js\"><\/script>\n<script src=\"https:\/\/sportseniorcourdimanche.com\/wp-content\/plugins\/osm\/js\/osm-v3-plugin-lib.js?ver=1.0.0\" id=\"osm-ol3-ext-library-js\"><\/script>\n<script src=\"https:\/\/sportseniorcourdimanche.com\/wp-content\/plugins\/osm\/js\/osm-metabox-events.js?ver=1.0.0\" id=\"osm-ol3-metabox-events-js\"><\/script>\n<script src=\"https:\/\/sportseniorcourdimanche.com\/wp-includes\/js\/jquery\/jquery.min.js?ver=3.7.1\" id=\"jquery-core-js\"><\/script>\n<script src=\"https:\/\/sportseniorcourdimanche.com\/wp-includes\/js\/jquery\/jquery-migrate.min.js?ver=3.4.1\" id=\"jquery-migrate-js\"><\/script>\n<script id=\"osm-map-startup-js-extra\">\nvar translations = {\"openlayer\":\"open layer\",\"openlayerAtStartup\":\"open layer at startup\",\"generateLink\":\"link to this map with opened layers\",\"shortDescription\":\"short description\",\"generatedShortCode\":\"to get a text control link paste this code in your wordpress editor\",\"closeLayer\":\"close layer\",\"cantGenerateLink\":\"put this string in the existing map short code to control this map\"};\n\/\/# sourceURL=osm-map-startup-js-extra\n<\/script>\n<script src=\"https:\/\/sportseniorcourdimanche.com\/wp-content\/plugins\/osm\/js\/osm-startup-lib.js?ver=V6.2.5\" id=\"osm-map-startup-js\"><\/script>\n\n        <div id=\"map_ol3js_1\"\n       class=\"osm-map-container undefined\"\n             data-map_name=\"undefined\"\n             data-map=\"map_ol3js_1\"\n             data-autoshow=\"no\"\n             style=\"width:100%;\n                    max-width:100%;\n                    height:500px;\n                    display:block;\n                    overflow:hidden;\n                    border:thin solid grey;\n                    position: relative;\">\n          <div id=\"map_ol3js_1_popup\" class=\"ol-popup\">\n            <a href=\"#\" id=\"map_ol3js_1_popup-closer\" class=\"ol-popup-closer\"><\/a>\n            <div id=\"map_ol3js_1_popup-content\"><\/div>\n          <\/div>\n        <\/div>\n    <script type=\"text\/javascript\">\n\t\t\t  vectorM['map_ol3js_1'] = [];\n\t        \n        var raster = getTileLayer(\"osm\",\"NoKey\");\t\t\t\n\n\t\t\t  var map_ol3js_1 = new ol.Map({\n\t\t\t\tinteractions: ol.interaction.defaults.defaults({mouseWheelZoom:false}),\n\t\t\t\tlayers: [raster],\n\t\t\t\ttarget: \"map_ol3js_1\",\n\t\t\t\tview: new ol.View({\n\t\t\t\t  center: ol.proj.transform([1.9968,49.0435], \"EPSG:4326\", \"EPSG:3857\"),\n\t\t\t\t  zoom: 15.0\n\t\t\t\t})\n\t\t\t  });\n\t\t\t  \n                      var vectorMarkerSource = new ol.source.Vector({});\n                      var vectorMarkerLayer = new ol.layer.Vector({\n                        source: vectorMarkerSource,\n                        zIndex: 92\n                      });\n                      \n                          var iconStyle0 = new ol.style.Style({\n\t\t\t\t  image: new ol.style.Icon(\/** @type {olx.style.IconOptions} *\/({\n\t\t\t\t\tanchor: [(-16*-1),(-41*-1)],\n\t\t\t\t\tanchorXUnits: \"pixels\",\n\t\t\t\t\tanchorYUnits: \"pixels\",\n\t\t\t\t\topacity: 0.9,\n\t\t\t\t\tsrc: \"https:\/\/sportseniorcourdimanche.com\/wp-content\/plugins\/osm\/icons\/mic_blue_pinother_02.png\"\n\t\t\t\t  }))\n\t\t\t\t});\n\t\t\t\tvar iconFeature0 = new ol.Feature({\n\t\t\t\t  geometry: new ol.geom.Point(\n\t\t\t\t  ol.proj.transform([2.0025,49.0457], \"EPSG:4326\", \"EPSG:3857\")),\n\t\t\t\t  name: \"<a href=\\\"https:\/\/sportseniorcourdimanche.com\/?page_id=9957\\\">Atelier photo<\/a><br>\"\n\t\t\t\t});\n\t\t\t\ticonFeature0.setStyle(iconStyle0);\n\t\t\t\tvectorMarkerSource.addFeature(iconFeature0);\n\t\t\t   \n                          var iconStyle1 = new ol.style.Style({\n\t\t\t\t  image: new ol.style.Icon(\/** @type {olx.style.IconOptions} *\/({\n\t\t\t\t\tanchor: [(-16*-1),(-41*-1)],\n\t\t\t\t\tanchorXUnits: \"pixels\",\n\t\t\t\t\tanchorYUnits: \"pixels\",\n\t\t\t\t\topacity: 0.9,\n\t\t\t\t\tsrc: \"https:\/\/sportseniorcourdimanche.com\/wp-content\/plugins\/osm\/icons\/mic_blue_pinother_02.png\"\n\t\t\t\t  }))\n\t\t\t\t});\n\t\t\t\tvar iconFeature1 = new ol.Feature({\n\t\t\t\t  geometry: new ol.geom.Point(\n\t\t\t\t  ol.proj.transform([2.0025,49.0457], \"EPSG:4326\", \"EPSG:3857\")),\n\t\t\t\t  name: \"<a href=\\\"https:\/\/sportseniorcourdimanche.com\/?page_id=339\\\">Danses (sauf de salon)<\/a><br>\"\n\t\t\t\t});\n\t\t\t\ticonFeature1.setStyle(iconStyle1);\n\t\t\t\tvectorMarkerSource.addFeature(iconFeature1);\n\t\t\t   \n                          var iconStyle2 = new ol.style.Style({\n\t\t\t\t  image: new ol.style.Icon(\/** @type {olx.style.IconOptions} *\/({\n\t\t\t\t\tanchor: [(-16*-1),(-41*-1)],\n\t\t\t\t\tanchorXUnits: \"pixels\",\n\t\t\t\t\tanchorYUnits: \"pixels\",\n\t\t\t\t\topacity: 0.9,\n\t\t\t\t\tsrc: \"https:\/\/sportseniorcourdimanche.com\/wp-content\/plugins\/osm\/icons\/mic_green_pinother_02.png\"\n\t\t\t\t  }))\n\t\t\t\t});\n\t\t\t\tvar iconFeature2 = new ol.Feature({\n\t\t\t\t  geometry: new ol.geom.Point(\n\t\t\t\t  ol.proj.transform([2.0025,49.0457], \"EPSG:4326\", \"EPSG:3857\")),\n\t\t\t\t  name: \"<a href=\\\"https:\/\/sportseniorcourdimanche.com\/?page_id=11609\\\">Cyclo loisir<\/a><br>\"\n\t\t\t\t});\n\t\t\t\ticonFeature2.setStyle(iconStyle2);\n\t\t\t\tvectorMarkerSource.addFeature(iconFeature2);\n\t\t\t   \n                          var iconStyle3 = new ol.style.Style({\n\t\t\t\t  image: new ol.style.Icon(\/** @type {olx.style.IconOptions} *\/({\n\t\t\t\t\tanchor: [(-16*-1),(-41*-1)],\n\t\t\t\t\tanchorXUnits: \"pixels\",\n\t\t\t\t\tanchorYUnits: \"pixels\",\n\t\t\t\t\topacity: 0.9,\n\t\t\t\t\tsrc: \"https:\/\/sportseniorcourdimanche.com\/wp-content\/plugins\/osm\/icons\/mic_blue_pinother_02.png\"\n\t\t\t\t  }))\n\t\t\t\t});\n\t\t\t\tvar iconFeature3 = new ol.Feature({\n\t\t\t\t  geometry: new ol.geom.Point(\n\t\t\t\t  ol.proj.transform([2.0024,49.0457], \"EPSG:4326\", \"EPSG:3857\")),\n\t\t\t\t  name: \"<a href=\\\"https:\/\/sportseniorcourdimanche.com\/?page_id=319\\\">Gymnastique\/stretching<\/a><br>\"\n\t\t\t\t});\n\t\t\t\ticonFeature3.setStyle(iconStyle3);\n\t\t\t\tvectorMarkerSource.addFeature(iconFeature3);\n\t\t\t   \n                          var iconStyle4 = new ol.style.Style({\n\t\t\t\t  image: new ol.style.Icon(\/** @type {olx.style.IconOptions} *\/({\n\t\t\t\t\tanchor: [(-16*-1),(-41*-1)],\n\t\t\t\t\tanchorXUnits: \"pixels\",\n\t\t\t\t\tanchorYUnits: \"pixels\",\n\t\t\t\t\topacity: 0.9,\n\t\t\t\t\tsrc: \"https:\/\/sportseniorcourdimanche.com\/wp-content\/plugins\/osm\/icons\/mic_blue_pinother_02.png\"\n\t\t\t\t  }))\n\t\t\t\t});\n\t\t\t\tvar iconFeature4 = new ol.Feature({\n\t\t\t\t  geometry: new ol.geom.Point(\n\t\t\t\t  ol.proj.transform([2.0025,49.0456], \"EPSG:4326\", \"EPSG:3857\")),\n\t\t\t\t  name: \"<a href=\\\"https:\/\/sportseniorcourdimanche.com\/?page_id=13316\\\">Th\u00e9\u00e2tre : Jeux d&#8217;art et de cr\u00e9ativit\u00e9<\/a><br>\"\n\t\t\t\t});\n\t\t\t\ticonFeature4.setStyle(iconStyle4);\n\t\t\t\tvectorMarkerSource.addFeature(iconFeature4);\n\t\t\t   \n                          var iconStyle5 = new ol.style.Style({\n\t\t\t\t  image: new ol.style.Icon(\/** @type {olx.style.IconOptions} *\/({\n\t\t\t\t\tanchor: [(-16*-1),(-41*-1)],\n\t\t\t\t\tanchorXUnits: \"pixels\",\n\t\t\t\t\tanchorYUnits: \"pixels\",\n\t\t\t\t\topacity: 0.9,\n\t\t\t\t\tsrc: \"https:\/\/sportseniorcourdimanche.com\/wp-content\/plugins\/osm\/icons\/mic_blue_pinother_02.png\"\n\t\t\t\t  }))\n\t\t\t\t});\n\t\t\t\tvar iconFeature5 = new ol.Feature({\n\t\t\t\t  geometry: new ol.geom.Point(\n\t\t\t\t  ol.proj.transform([2.0025,49.0457], \"EPSG:4326\", \"EPSG:3857\")),\n\t\t\t\t  name: \"<a href=\\\"https:\/\/sportseniorcourdimanche.com\/?page_id=11175\\\">Jeux de soci\u00e9t\u00e9<\/a><br>\"\n\t\t\t\t});\n\t\t\t\ticonFeature5.setStyle(iconStyle5);\n\t\t\t\tvectorMarkerSource.addFeature(iconFeature5);\n\t\t\t   \n                          var iconStyle6 = new ol.style.Style({\n\t\t\t\t  image: new ol.style.Icon(\/** @type {olx.style.IconOptions} *\/({\n\t\t\t\t\tanchor: [(-16*-1),(-41*-1)],\n\t\t\t\t\tanchorXUnits: \"pixels\",\n\t\t\t\t\tanchorYUnits: \"pixels\",\n\t\t\t\t\topacity: 0.9,\n\t\t\t\t\tsrc: \"https:\/\/sportseniorcourdimanche.com\/wp-content\/plugins\/osm\/icons\/mic_green_pinother_02.png\"\n\t\t\t\t  }))\n\t\t\t\t});\n\t\t\t\tvar iconFeature6 = new ol.Feature({\n\t\t\t\t  geometry: new ol.geom.Point(\n\t\t\t\t  ol.proj.transform([2.0025,49.0457], \"EPSG:4326\", \"EPSG:3857\")),\n\t\t\t\t  name: \"<a href=\\\"https:\/\/sportseniorcourdimanche.com\/?page_id=297\\\">Marche et randonn\u00e9e<\/a><br>\"\n\t\t\t\t});\n\t\t\t\ticonFeature6.setStyle(iconStyle6);\n\t\t\t\tvectorMarkerSource.addFeature(iconFeature6);\n\t\t\t   \n                          var iconStyle7 = new ol.style.Style({\n\t\t\t\t  image: new ol.style.Icon(\/** @type {olx.style.IconOptions} *\/({\n\t\t\t\t\tanchor: [(-16*-1),(-41*-1)],\n\t\t\t\t\tanchorXUnits: \"pixels\",\n\t\t\t\t\tanchorYUnits: \"pixels\",\n\t\t\t\t\topacity: 0.9,\n\t\t\t\t\tsrc: \"https:\/\/sportseniorcourdimanche.com\/wp-content\/plugins\/osm\/icons\/mic_green_pinother_02.png\"\n\t\t\t\t  }))\n\t\t\t\t});\n\t\t\t\tvar iconFeature7 = new ol.Feature({\n\t\t\t\t  geometry: new ol.geom.Point(\n\t\t\t\t  ol.proj.transform([2.0025,49.0457], \"EPSG:4326\", \"EPSG:3857\")),\n\t\t\t\t  name: \"<a href=\\\"https:\/\/sportseniorcourdimanche.com\/?page_id=8223\\\">Marche nordique<\/a><br>\"\n\t\t\t\t});\n\t\t\t\ticonFeature7.setStyle(iconStyle7);\n\t\t\t\tvectorMarkerSource.addFeature(iconFeature7);\n\t\t\t   \n                          var iconStyle8 = new ol.style.Style({\n\t\t\t\t  image: new ol.style.Icon(\/** @type {olx.style.IconOptions} *\/({\n\t\t\t\t\tanchor: [(-16*-1),(-41*-1)],\n\t\t\t\t\tanchorXUnits: \"pixels\",\n\t\t\t\t\tanchorYUnits: \"pixels\",\n\t\t\t\t\topacity: 0.9,\n\t\t\t\t\tsrc: \"https:\/\/sportseniorcourdimanche.com\/wp-content\/plugins\/osm\/icons\/mic_blue_pinother_02.png\"\n\t\t\t\t  }))\n\t\t\t\t});\n\t\t\t\tvar iconFeature8 = new ol.Feature({\n\t\t\t\t  geometry: new ol.geom.Point(\n\t\t\t\t  ol.proj.transform([2.0025,49.0457], \"EPSG:4326\", \"EPSG:3857\")),\n\t\t\t\t  name: \"<a href=\\\"https:\/\/sportseniorcourdimanche.com\/?page_id=9787\\\">M\u00e9moire Dynamique<\/a><br>\"\n\t\t\t\t});\n\t\t\t\ticonFeature8.setStyle(iconStyle8);\n\t\t\t\tvectorMarkerSource.addFeature(iconFeature8);\n\t\t\t   \n                          var iconStyle9 = new ol.style.Style({\n\t\t\t\t  image: new ol.style.Icon(\/** @type {olx.style.IconOptions} *\/({\n\t\t\t\t\tanchor: [(-16*-1),(-41*-1)],\n\t\t\t\t\tanchorXUnits: \"pixels\",\n\t\t\t\t\tanchorYUnits: \"pixels\",\n\t\t\t\t\topacity: 0.9,\n\t\t\t\t\tsrc: \"https:\/\/sportseniorcourdimanche.com\/wp-content\/plugins\/osm\/icons\/mic_blue_pinother_02.png\"\n\t\t\t\t  }))\n\t\t\t\t});\n\t\t\t\tvar iconFeature9 = new ol.Feature({\n\t\t\t\t  geometry: new ol.geom.Point(\n\t\t\t\t  ol.proj.transform([2.0024,49.0457], \"EPSG:4326\", \"EPSG:3857\")),\n\t\t\t\t  name: \"<a href=\\\"https:\/\/sportseniorcourdimanche.com\/?page_id=4460\\\">Neuron-Activ&#8217;<\/a><br>\"\n\t\t\t\t});\n\t\t\t\ticonFeature9.setStyle(iconStyle9);\n\t\t\t\tvectorMarkerSource.addFeature(iconFeature9);\n\t\t\t   \n                          var iconStyle10 = new ol.style.Style({\n\t\t\t\t  image: new ol.style.Icon(\/** @type {olx.style.IconOptions} *\/({\n\t\t\t\t\tanchor: [(-16*-1),(-41*-1)],\n\t\t\t\t\tanchorXUnits: \"pixels\",\n\t\t\t\t\tanchorYUnits: \"pixels\",\n\t\t\t\t\topacity: 0.9,\n\t\t\t\t\tsrc: \"https:\/\/sportseniorcourdimanche.com\/wp-content\/plugins\/osm\/icons\/mic_blue_pinother_02.png\"\n\t\t\t\t  }))\n\t\t\t\t});\n\t\t\t\tvar iconFeature10 = new ol.Feature({\n\t\t\t\t  geometry: new ol.geom.Point(\n\t\t\t\t  ol.proj.transform([1.9976,49.0437], \"EPSG:4326\", \"EPSG:3857\")),\n\t\t\t\t  name: \"<a href=\\\"https:\/\/sportseniorcourdimanche.com\/?page_id=10802\\\">Pickleball<\/a><br>\"\n\t\t\t\t});\n\t\t\t\ticonFeature10.setStyle(iconStyle10);\n\t\t\t\tvectorMarkerSource.addFeature(iconFeature10);\n\t\t\t   \n                          var iconStyle11 = new ol.style.Style({\n\t\t\t\t  image: new ol.style.Icon(\/** @type {olx.style.IconOptions} *\/({\n\t\t\t\t\tanchor: [(-16*-1),(-41*-1)],\n\t\t\t\t\tanchorXUnits: \"pixels\",\n\t\t\t\t\tanchorYUnits: \"pixels\",\n\t\t\t\t\topacity: 0.9,\n\t\t\t\t\tsrc: \"https:\/\/sportseniorcourdimanche.com\/wp-content\/plugins\/osm\/icons\/mic_blue_pinother_02.png\"\n\t\t\t\t  }))\n\t\t\t\t});\n\t\t\t\tvar iconFeature11 = new ol.Feature({\n\t\t\t\t  geometry: new ol.geom.Point(\n\t\t\t\t  ol.proj.transform([2.0024,49.0457], \"EPSG:4326\", \"EPSG:3857\")),\n\t\t\t\t  name: \"<a href=\\\"https:\/\/sportseniorcourdimanche.com\/?page_id=5974\\\">Pilates<\/a><br>\"\n\t\t\t\t});\n\t\t\t\ticonFeature11.setStyle(iconStyle11);\n\t\t\t\tvectorMarkerSource.addFeature(iconFeature11);\n\t\t\t   \n                          var iconStyle12 = new ol.style.Style({\n\t\t\t\t  image: new ol.style.Icon(\/** @type {olx.style.IconOptions} *\/({\n\t\t\t\t\tanchor: [(-16*-1),(-41*-1)],\n\t\t\t\t\tanchorXUnits: \"pixels\",\n\t\t\t\t\tanchorYUnits: \"pixels\",\n\t\t\t\t\topacity: 0.9,\n\t\t\t\t\tsrc: \"https:\/\/sportseniorcourdimanche.com\/wp-content\/plugins\/osm\/icons\/mic_blue_pinother_02.png\"\n\t\t\t\t  }))\n\t\t\t\t});\n\t\t\t\tvar iconFeature12 = new ol.Feature({\n\t\t\t\t  geometry: new ol.geom.Point(\n\t\t\t\t  ol.proj.transform([2.0024,49.0457], \"EPSG:4326\", \"EPSG:3857\")),\n\t\t\t\t  name: \"<a href=\\\"https:\/\/sportseniorcourdimanche.com\/?page_id=325\\\">Ta\u00ef chi<\/a><br>\"\n\t\t\t\t});\n\t\t\t\ticonFeature12.setStyle(iconStyle12);\n\t\t\t\tvectorMarkerSource.addFeature(iconFeature12);\n\t\t\t   \n                          var iconStyle13 = new ol.style.Style({\n\t\t\t\t  image: new ol.style.Icon(\/** @type {olx.style.IconOptions} *\/({\n\t\t\t\t\tanchor: [(-16*-1),(-41*-1)],\n\t\t\t\t\tanchorXUnits: \"pixels\",\n\t\t\t\t\tanchorYUnits: \"pixels\",\n\t\t\t\t\topacity: 0.9,\n\t\t\t\t\tsrc: \"https:\/\/sportseniorcourdimanche.com\/wp-content\/plugins\/osm\/icons\/mic_blue_pinother_02.png\"\n\t\t\t\t  }))\n\t\t\t\t});\n\t\t\t\tvar iconFeature13 = new ol.Feature({\n\t\t\t\t  geometry: new ol.geom.Point(\n\t\t\t\t  ol.proj.transform([1.9999,49.0422], \"EPSG:4326\", \"EPSG:3857\")),\n\t\t\t\t  name: \"<a href=\\\"https:\/\/sportseniorcourdimanche.com\/?page_id=336\\\">Tennis de table<\/a><br>\"\n\t\t\t\t});\n\t\t\t\ticonFeature13.setStyle(iconStyle13);\n\t\t\t\tvectorMarkerSource.addFeature(iconFeature13);\n\t\t\t   \n                          var iconStyle14 = new ol.style.Style({\n\t\t\t\t  image: new ol.style.Icon(\/** @type {olx.style.IconOptions} *\/({\n\t\t\t\t\tanchor: [(-16*-1),(-41*-1)],\n\t\t\t\t\tanchorXUnits: \"pixels\",\n\t\t\t\t\tanchorYUnits: \"pixels\",\n\t\t\t\t\topacity: 0.9,\n\t\t\t\t\tsrc: \"https:\/\/sportseniorcourdimanche.com\/wp-content\/plugins\/osm\/icons\/mic_blue_pinother_02.png\"\n\t\t\t\t  }))\n\t\t\t\t});\n\t\t\t\tvar iconFeature14 = new ol.Feature({\n\t\t\t\t  geometry: new ol.geom.Point(\n\t\t\t\t  ol.proj.transform([1.9998,49.0422], \"EPSG:4326\", \"EPSG:3857\")),\n\t\t\t\t  name: \"<a href=\\\"https:\/\/sportseniorcourdimanche.com\/?page_id=313\\\">Tir \u00e0 l&#8217;arc<\/a><br>\"\n\t\t\t\t});\n\t\t\t\ticonFeature14.setStyle(iconStyle14);\n\t\t\t\tvectorMarkerSource.addFeature(iconFeature14);\n\t\t\t   \n                          var iconStyle15 = new ol.style.Style({\n\t\t\t\t  image: new ol.style.Icon(\/** @type {olx.style.IconOptions} *\/({\n\t\t\t\t\tanchor: [(-16*-1),(-41*-1)],\n\t\t\t\t\tanchorXUnits: \"pixels\",\n\t\t\t\t\tanchorYUnits: \"pixels\",\n\t\t\t\t\topacity: 0.9,\n\t\t\t\t\tsrc: \"https:\/\/sportseniorcourdimanche.com\/wp-content\/plugins\/osm\/icons\/mic_blue_pinother_02.png\"\n\t\t\t\t  }))\n\t\t\t\t});\n\t\t\t\tvar iconFeature15 = new ol.Feature({\n\t\t\t\t  geometry: new ol.geom.Point(\n\t\t\t\t  ol.proj.transform([2.0025,49.0457], \"EPSG:4326\", \"EPSG:3857\")),\n\t\t\t\t  name: \"<a href=\\\"https:\/\/sportseniorcourdimanche.com\/?page_id=2719\\\">Yoga<\/a><br>\"\n\t\t\t\t});\n\t\t\t\ticonFeature15.setStyle(iconStyle15);\n\t\t\t\tvectorMarkerSource.addFeature(iconFeature15);\n\t\t\t   \n                          var iconStyle16 = new ol.style.Style({\n\t\t\t\t  image: new ol.style.Icon(\/** @type {olx.style.IconOptions} *\/({\n\t\t\t\t\tanchor: [(-16*-1),(-41*-1)],\n\t\t\t\t\tanchorXUnits: \"pixels\",\n\t\t\t\t\tanchorYUnits: \"pixels\",\n\t\t\t\t\topacity: 0.9,\n\t\t\t\t\tsrc: \"https:\/\/sportseniorcourdimanche.com\/wp-content\/plugins\/osm\/icons\/mic_blue_pinother_02.png\"\n\t\t\t\t  }))\n\t\t\t\t});\n\t\t\t\tvar iconFeature16 = new ol.Feature({\n\t\t\t\t  geometry: new ol.geom.Point(\n\t\t\t\t  ol.proj.transform([2.0024,49.0457], \"EPSG:4326\", \"EPSG:3857\")),\n\t\t\t\t  name: \"<a href=\\\"https:\/\/sportseniorcourdimanche.com\/?page_id=310\\\">Zumba Gold<\/a><br>\"\n\t\t\t\t});\n\t\t\t\ticonFeature16.setStyle(iconStyle16);\n\t\t\t\tvectorMarkerSource.addFeature(iconFeature16);\n\t\t\t   map_ol3js_1.addLayer(vectorMarkerLayer);addControls2Map(map_ol3js_1,0,0,3,0,5,6,7,0,1);\nosm_addPopupClickhandler(map_ol3js_1,  \"map_ol3js_1\"); \nosm_addMouseHover(map_ol3js_1); <\/script>\n\n\n\n<p><\/p>\n","protected":false},"excerpt":{"rendered":"<p>S\u00e9lectionnez votre discipline dans la barre de menu pour acc\u00e9der \u00e0 toutes les informations essentielles: Vous pouvez aussi retrouver nos lieux d&#8217;activit\u00e9s en cliquant sur la carte interactive:<\/p>\n","protected":false},"author":3,"featured_media":0,"parent":0,"menu_order":0,"comment_status":"closed","ping_status":"closed","template":"activit-s","meta":{"footnotes":""},"class_list":["post-458","page","type-page","status-publish","hentry"],"_links":{"self":[{"href":"https:\/\/sportseniorcourdimanche.com\/index.php?rest_route=\/wp\/v2\/pages\/458","targetHints":{"allow":["GET"]}}],"collection":[{"href":"https:\/\/sportseniorcourdimanche.com\/index.php?rest_route=\/wp\/v2\/pages"}],"about":[{"href":"https:\/\/sportseniorcourdimanche.com\/index.php?rest_route=\/wp\/v2\/types\/page"}],"author":[{"embeddable":true,"href":"https:\/\/sportseniorcourdimanche.com\/index.php?rest_route=\/wp\/v2\/users\/3"}],"replies":[{"embeddable":true,"href":"https:\/\/sportseniorcourdimanche.com\/index.php?rest_route=%2Fwp%2Fv2%2Fcomments&post=458"}],"version-history":[{"count":22,"href":"https:\/\/sportseniorcourdimanche.com\/index.php?rest_route=\/wp\/v2\/pages\/458\/revisions"}],"predecessor-version":[{"id":14643,"href":"https:\/\/sportseniorcourdimanche.com\/index.php?rest_route=\/wp\/v2\/pages\/458\/revisions\/14643"}],"wp:attachment":[{"href":"https:\/\/sportseniorcourdimanche.com\/index.php?rest_route=%2Fwp%2Fv2%2Fmedia&parent=458"}],"curies":[{"name":"wp","href":"https:\/\/api.w.org\/{rel}","templated":true}]}}