{"id":4460,"date":"2019-05-27T10:53:15","date_gmt":"2019-05-27T08:53:15","guid":{"rendered":"http:\/\/sportseniorcourdimanche.com\/?page_id=4460"},"modified":"2026-04-25T17:57:18","modified_gmt":"2026-04-25T15:57:18","slug":"neuron-activ","status":"publish","type":"page","link":"https:\/\/sportseniorcourdimanche.com\/?page_id=4460","title":{"rendered":"Neuron-Activ&#8217;"},"content":{"rendered":"\n<div class=\"wp-block-media-text is-stacked-on-mobile\" style=\"grid-template-columns:15% auto\"><figure class=\"wp-block-media-text__media\"><img loading=\"lazy\" decoding=\"async\" width=\"161\" height=\"132\" src=\"https:\/\/sportseniorcourdimanche.com\/wp-content\/uploads\/2026\/02\/nruron.png\" alt=\"\" class=\"wp-image-15520 size-full\"\/><\/figure><div class=\"wp-block-media-text__content\">\n<h3 class=\"wp-block-heading\">Animation : <span style=\"color: #000080;\"><strong>Manuelle THOUMY<\/strong><\/span><\/h3>\n\n\n\n<h3 class=\"wp-block-heading\">R\u00e9f\u00e9rente de l\u2019activit\u00e9 : <span style=\"color: #000080;\"><strong>Manuelle THOUMY<\/strong><\/span><\/h3>\n<\/div><\/div>\n\n\n\n<p>Cotisation annuelle : <strong><span style=\"color: #000080;\">20 euros\/adh\u00e9rent<\/span><\/strong><\/p>\n\n\n\n<h2 class=\"wp-block-heading\"><strong>&nbsp;<span style=\"color: #0000ff;\">Pr\u00e9sentation en quelques mots<\/span><\/strong><\/h2>\n\n\n\n<p><span style=\"color: #000000;\">Le programme \u00ab Neuron-Activ\u2019 \u00bb, anim\u00e9&nbsp; par une animatrice b\u00e9n\u00e9vole, a pour but de faire travailler toutes les m\u00e9moires et d\u2019y associer des exercices physiques de coordination et de r\u00e9flexe.<\/span><\/p>\n\n\n\n<p>L\u2019int\u00e9r\u00eat de  cette activit\u00e9 r\u00e9side dans la compr\u00e9hension du fonctionnement de la m\u00e9moire. Elle vous permet d\u2019acqu\u00e9rir plus de confiance dans votre vie de tous les jours face \u00e0 des probl\u00e8mes d\u2019oublis normaux ou plus r\u00e9p\u00e9titifs.<\/p>\n\n\n\n<h2 class=\"wp-block-heading\"><span style=\"color: #0000ff;\"><strong>Organisation<\/strong><\/span><\/h2>\n\n\n\n<ul class=\"wp-block-list\">\n<li>S\u00e9ance : <strong>lundi&nbsp;<\/strong><\/li>\n\n\n\n<li>Horaires : <strong>de 14h 45 \u00e0 16h 15 (<\/strong><em>groupe 1<\/em><strong>) et 16h 30 \u00e0 18h 00 (<\/strong><em>groupe 2<\/em><strong> )<\/strong><\/li>\n\n\n\n<li>Lieu : <strong>MELC de Courdimanche<\/strong><\/li>\n\n\n\n<li>Nombre de participants : <strong>limit\u00e9 afin de garantir la qualit\u00e9 de l&#8217;activit\u00e9.&nbsp;<\/strong><\/li>\n\n\n\n<li>Public&nbsp;: sont&nbsp; retenus prioritairement les adh\u00e9rents pratiquant au minimum une activit\u00e9 sportive au sein de notre club.<\/li>\n\n\n\n<li>R\u00e8glement sp\u00e9cifique \u00e0\u00a0 la pratique de l&#8217;activit\u00e9 : <em><strong><span style=\"color: #ff0000\"><a href=\"https:\/\/sportseniorcourdimanche.com\/wp-content\/uploads\/2026\/02\/RS-Neurone-Activ-MaJ-2026.pdf\" target=\"_blank\" rel=\"noreferrer noopener\">RS Neurone-Activ M\u00e0J 2026<\/a><\/span><\/strong><\/em><\/li>\n<\/ul>\n\n\n\n<h2 class=\"wp-block-heading\"><span style=\"color: #0000ff;\"><strong>En savoir plus sur l\u2019activit\u00e9<\/strong><\/span><\/h2>\n\n\n\n<h4 class=\"wp-block-heading\"><span style=\"color: #0000ff\"><strong><u>Les objectifs de&nbsp; Neuron-Activ\u2019<\/u><\/strong><\/span><\/h4>\n\n\n\n<ul class=\"wp-block-list\">\n<li>Stimuler les fonctions cognitives en les entra\u00eenant avec des jeux adapt\u00e9s<\/li>\n\n\n\n<li>Acqu\u00e9rir des moyens de m\u00e9morisation<\/li>\n\n\n\n<li>Se divertir en pratiquant des jeux s\u00e9lectionn\u00e9s et vari\u00e9s<\/li>\n\n\n\n<li>Offrir aux participants, gr\u00e2ce \u00e0 un travail individuel ou collectif, une activit\u00e9 sociale ludique et p\u00e9dagogique.<\/li>\n<\/ul>\n\n\n\n<h4 class=\"wp-block-heading\"><span style=\"color: #0000ff\"><strong><u>Le d\u00e9roulement d\u2019une s\u00e9ance<\/u><\/strong><\/span><\/h4>\n\n\n\n<h3 class=\"wp-block-heading\">L\u2019animation sera ax\u00e9e sur la participation de tous, l\u2019\u00e9change, la parole et la convivialit\u00e9.<\/h3>\n\n\n\n<ul class=\"wp-block-list\">\n<li>Quelques exercices d\u2019\u00e9chauffement, en position debout ou assise, sollicitant l\u2019attention, la concentration ou l\u2019\u00e9quilibre (10 \u00e0 15 mn).<\/li>\n\n\n\n<li>Exercices vari\u00e9s, faisant appel \u00e0 diff\u00e9rentes fonctions cognitives, seront pr\u00e9sent\u00e9s sur \u00e9cran ou&nbsp; sur papier.<\/li>\n<\/ul>\n\n\n\n<h4 class=\"wp-block-heading has-text-color has-link-color has-medium-font-size wp-elements-3c76e7f0ddfc6d1e2958a81b853b55f0\" style=\"color:#f10930\"><span style=\"color: #0000ff\"><strong>Bienfaits&nbsp;de Neuron-Activ\u2019 <\/strong><\/span><strong><span style=\"color: #0000ff\">:<\/span>&nbsp;<\/strong><a href=\"https:\/\/sportseniorcourdimanche.com\/wp-content\/uploads\/2019\/12\/CSSSC-activmemo-web-5-raisons.pdf\" target=\"_blank\" rel=\"noreferrer noopener\"><strong>5 bonnes raisons pour stimuler sa m\u00e9moire<\/strong><\/a><\/h4>\n","protected":false},"excerpt":{"rendered":"<p>Animation : Manuelle THOUMY R\u00e9f\u00e9rente de l\u2019activit\u00e9 : Manuelle THOUMY Cotisation annuelle : 20 euros\/adh\u00e9rent &nbsp;Pr\u00e9sentation en quelques mots Le programme \u00ab Neuron-Activ\u2019 \u00bb, anim\u00e9&nbsp; par une animatrice b\u00e9n\u00e9vole, a pour but de faire travailler toutes les m\u00e9moires et d\u2019y associer des exercices physiques de coordination et de r\u00e9flexe. L\u2019int\u00e9r\u00eat de cette activit\u00e9 r\u00e9side dans [&hellip;]<\/p>\n","protected":false},"author":3,"featured_media":0,"parent":0,"menu_order":0,"comment_status":"closed","ping_status":"closed","template":"activit-s","meta":{"footnotes":""},"class_list":["post-4460","page","type-page","status-publish","hentry"],"_links":{"self":[{"href":"https:\/\/sportseniorcourdimanche.com\/index.php?rest_route=\/wp\/v2\/pages\/4460","targetHints":{"allow":["GET"]}}],"collection":[{"href":"https:\/\/sportseniorcourdimanche.com\/index.php?rest_route=\/wp\/v2\/pages"}],"about":[{"href":"https:\/\/sportseniorcourdimanche.com\/index.php?rest_route=\/wp\/v2\/types\/page"}],"author":[{"embeddable":true,"href":"https:\/\/sportseniorcourdimanche.com\/index.php?rest_route=\/wp\/v2\/users\/3"}],"replies":[{"embeddable":true,"href":"https:\/\/sportseniorcourdimanche.com\/index.php?rest_route=%2Fwp%2Fv2%2Fcomments&post=4460"}],"version-history":[{"count":44,"href":"https:\/\/sportseniorcourdimanche.com\/index.php?rest_route=\/wp\/v2\/pages\/4460\/revisions"}],"predecessor-version":[{"id":16049,"href":"https:\/\/sportseniorcourdimanche.com\/index.php?rest_route=\/wp\/v2\/pages\/4460\/revisions\/16049"}],"wp:attachment":[{"href":"https:\/\/sportseniorcourdimanche.com\/index.php?rest_route=%2Fwp%2Fv2%2Fmedia&parent=4460"}],"curies":[{"name":"wp","href":"https:\/\/api.w.org\/{rel}","templated":true}]}}