{"id":424,"date":"2017-06-26T11:00:22","date_gmt":"2017-06-26T09:00:22","guid":{"rendered":"http:\/\/sportseniorcourdimanche.com\/?page_id=424"},"modified":"2026-05-10T14:26:02","modified_gmt":"2026-05-10T12:26:02","slug":"retraite-sportive-active-pourquoi","status":"publish","type":"page","link":"https:\/\/sportseniorcourdimanche.com\/?page_id=424","title":{"rendered":"Retraite sportive active pourquoi ?"},"content":{"rendered":"\n<h4 class=\"wp-block-heading has-large-font-size\"><span style=\"color: #000080;\"><strong>Bouger, c&#8217;est bon pour le corps, c&#8217;est bon pour l&#8217;esprit :<\/strong><\/span><\/h4>\n\n\n\n<ul class=\"wp-block-list\">\n<li><em>Cliquez sur le lien : <\/em><strong><span style=\"color: #ff0000;\"><a style=\"color: #ff0000;\" href=\"https:\/\/sportseniorcourdimanche.com\/wp-content\/uploads\/2025\/10\/CSSSC-2025-Mise-a-jour-sport-et-sante.pdf\">Sant\u00e9 et Bien-\u00eatre: Bouger, pour quoi faire?<\/a><\/span><\/strong><\/li>\n<\/ul>\n\n\n\n<h4 class=\"wp-block-heading has-large-font-size\"><strong><span style=\"color: #000080;\">Les disciplines propos\u00e9es vous permettront de pratiquer des activit\u00e9s :<\/span><\/strong><\/h4>\n\n\n\n<h4 class=\"wp-block-heading\"><span style=\"color: #0000ff;\"><strong>De plein air en milieu&nbsp; naturel<\/strong><\/span><\/h4>\n\n\n\n<ul style=\"line-height:1\" class=\"wp-block-list\">\n<li><em><i>Cyclo <\/i>loisir<\/em><\/li>\n\n\n\n<li><em>Marche et randonn\u00e9e (distances propos\u00e9es entre 7 et 13 km)<\/em><\/li>\n\n\n\n<li><em>Marche nordique<\/em><\/li>\n<\/ul>\n\n\n\n<h4 class=\"wp-block-heading has-medium-font-size\"><span style=\"color: #0000ff;\"><strong>D\u2019expression et de ma\u00eetrise corporelle<\/strong><\/span><\/h4>\n\n\n\n<ul style=\"line-height:1\" class=\"wp-block-list\">\n<li><em>Activit\u00e9s dans\u00e9es<\/em><\/li>\n\n\n\n<li><em>Gymnastique et stretching<\/em><\/li>\n\n\n\n<li><em>Pilates<\/em><\/li>\n\n\n\n<li><em>Ta\u00ef-chi<\/em><\/li>\n\n\n\n<li><em>Yoga \u00e9nergie<\/em><\/li>\n\n\n\n<li><em>Zumba GOLD<\/em><\/li>\n<\/ul>\n\n\n\n<h4 class=\"wp-block-heading has-medium-font-size\"><span style=\"color: #0000ff;\"><strong>De coop\u00e9ration et\/ou d\u2019opposition<\/strong><\/span><\/h4>\n\n\n\n<ul style=\"line-height:1\" class=\"wp-block-list\">\n<li><em>Tennis de table<\/em><\/li>\n\n\n\n<li><em>Pickleball<\/em><\/li>\n<\/ul>\n\n\n\n<h4 class=\"wp-block-heading has-medium-font-size\"><span style=\"color: #0000ff;\"><strong>De pr\u00e9cision et de concentration<\/strong><\/span><\/h4>\n\n\n\n<ul class=\"wp-block-list has-large-font-size\">\n<li class=\"has-large-font-size\"><em>Tir \u00e0 l\u2019arc<\/em><\/li>\n<\/ul>\n\n\n\n<h4 class=\"wp-block-heading\"><span style=\"color: #0000ff;\"><strong>De m\u00e9moire et de concentration<\/strong><\/span><\/h4>\n\n\n\n<ul style=\"line-height:1\" class=\"wp-block-list\">\n<li><em style=\"color: initial;\">M\u00e9moire dynamique<\/em><\/li>\n\n\n\n<li><em>Neuron-Activ&#8217;<\/em><\/li>\n<\/ul>\n\n\n\n<h4 class=\"wp-block-heading\"><span style=\"color: #0000ff;\"><strong>De cr\u00e9ation ludique et culturelle<\/strong><\/span><\/h4>\n\n\n\n<ul style=\"line-height:1\" class=\"wp-block-list\">\n<li><em>Atelier photos<\/em><\/li>\n\n\n\n<li><em>Jeux de soci\u00e9t\u00e9<\/em><\/li>\n\n\n\n<li><em>Th\u00e9\u00e2tre &#8211; jeux d&#8217;art et de cr\u00e9ativit\u00e9&nbsp;<\/em><\/li>\n<\/ul>\n\n\n\n<h4 class=\"wp-block-heading has-large-font-size\"><strong><span style=\"color: #000080;\">De bonnes raisons de prendre une licence aupr\u00e8s du CSSSC<\/span><\/strong><\/h4>\n\n\n\n<p>Partagez de nombreuses activit\u00e9s en toute convivialit\u00e9 et b\u00e9n\u00e9ficiez d\u2019une couverture d\u2019assurance adapt\u00e9e \u00e0 votre pratique.<\/p>\n\n\n\n<p>Si vous souhaitez participer \u00e0 des activit\u00e9s dans plusieurs clubs de la f\u00e9d\u00e9ration, vous d\u00e9bourserez :<\/p>\n\n\n\n<ul class=\"wp-block-list\">\n<li style=\"line-height:1\">une seule licence,<\/li>\n\n\n\n<li style=\"line-height:1\">une cotisation de droit d\u2019entr\u00e9e dans chacun des clubs que vous aurez choisi,<\/li>\n\n\n\n<li style=\"line-height:1\">une participation pour chacune activit\u00e9 auxquelles vous participerez.<\/li>\n<\/ul>\n\n\n\n<p>Nous proposons des activit\u00e9s vari\u00e9es toujours adapt\u00e9es aux s\u00e9niors.<\/p>\n\n\n\n<p>Tous niveaux : que vous soyez sportif de longue date ou que vous ayez seulement l\u2019envie de garder la forme, peu importe, conservez ou d\u00e9veloppez votre capital sant\u00e9 quel que soit votre pass\u00e9 sportif !<\/p>\n\n\n\n<p>Loisir et s\u00e9curit\u00e9 : les activit\u00e9s physiques propos\u00e9es se pratiquent hors de toute comp\u00e9tition officielle ; Mais cela ne signifie pas \u00ab absence de r\u00e8gles \u00bb ! Les activit\u00e9s se pratiquent dans le respect des r\u00e8gles techniques des disciplines et de s\u00e9curit\u00e9.<\/p>\n\n\n\n<p>Convivialit\u00e9 : c\u2019est le plaisir d\u2019\u00eatre actif et ensemble, plaisir de partager un m\u00eame moment de bien-\u00eatre pour le corps et l\u2019esprit.<\/p>\n\n\n\n<p>Encadrement : il est adapt\u00e9 aux 50 ans et plus.<\/p>\n\n\n\n<p>D\u00e9veloppement personnel : d\u00e9couvrez de nouveaux centres d\u2019int\u00e9r\u00eats et impliquez-vous comme b\u00e9n\u00e9vole dans la vie de votre club.<\/p>\n\n\n\n<p>Valeurs : reconnue d\u2019utilit\u00e9 publique, votre f\u00e9d\u00e9ration incarne les valeurs humanistes du sport : la rencontre, le partage, le respect et le souci de l\u2019autre, la tol\u00e9rance et la parit\u00e9 hommes\/femmes.<\/p>\n","protected":false},"excerpt":{"rendered":"<p>Bouger, c&#8217;est bon pour le corps, c&#8217;est bon pour l&#8217;esprit : Les disciplines propos\u00e9es vous permettront de pratiquer des activit\u00e9s : De plein air en milieu&nbsp; naturel D\u2019expression et de ma\u00eetrise corporelle De coop\u00e9ration et\/ou d\u2019opposition De pr\u00e9cision et de concentration De m\u00e9moire et de concentration De cr\u00e9ation ludique et culturelle De bonnes raisons de [&hellip;]<\/p>\n","protected":false},"author":3,"featured_media":0,"parent":0,"menu_order":0,"comment_status":"closed","ping_status":"closed","template":"le-club","meta":{"footnotes":""},"class_list":["post-424","page","type-page","status-publish","hentry"],"_links":{"self":[{"href":"https:\/\/sportseniorcourdimanche.com\/index.php?rest_route=\/wp\/v2\/pages\/424","targetHints":{"allow":["GET"]}}],"collection":[{"href":"https:\/\/sportseniorcourdimanche.com\/index.php?rest_route=\/wp\/v2\/pages"}],"about":[{"href":"https:\/\/sportseniorcourdimanche.com\/index.php?rest_route=\/wp\/v2\/types\/page"}],"author":[{"embeddable":true,"href":"https:\/\/sportseniorcourdimanche.com\/index.php?rest_route=\/wp\/v2\/users\/3"}],"replies":[{"embeddable":true,"href":"https:\/\/sportseniorcourdimanche.com\/index.php?rest_route=%2Fwp%2Fv2%2Fcomments&post=424"}],"version-history":[{"count":39,"href":"https:\/\/sportseniorcourdimanche.com\/index.php?rest_route=\/wp\/v2\/pages\/424\/revisions"}],"predecessor-version":[{"id":16099,"href":"https:\/\/sportseniorcourdimanche.com\/index.php?rest_route=\/wp\/v2\/pages\/424\/revisions\/16099"}],"wp:attachment":[{"href":"https:\/\/sportseniorcourdimanche.com\/index.php?rest_route=%2Fwp%2Fv2%2Fmedia&parent=424"}],"curies":[{"name":"wp","href":"https:\/\/api.w.org\/{rel}","templated":true}]}}