{"id":339,"date":"2017-06-30T20:55:23","date_gmt":"2017-06-30T18:55:23","guid":{"rendered":"http:\/\/sportseniorcourdimanche.com\/?page_id=339"},"modified":"2026-04-25T11:06:36","modified_gmt":"2026-04-25T09:06:36","slug":"danses-sauf-de-salon","status":"publish","type":"page","link":"https:\/\/sportseniorcourdimanche.com\/?page_id=339","title":{"rendered":"Danses (sauf de salon)"},"content":{"rendered":"\n<div class=\"wp-block-media-text is-stacked-on-mobile\" style=\"grid-template-columns:15% auto\"><figure class=\"wp-block-media-text__media\"><img loading=\"lazy\" decoding=\"async\" width=\"298\" height=\"234\" src=\"https:\/\/sportseniorcourdimanche.com\/wp-content\/uploads\/2026\/02\/dans.png\" alt=\"\" class=\"wp-image-15493 size-full\"\/><\/figure><div class=\"wp-block-media-text__content\">\n<h3 class=\"wp-block-heading\">Animation :&nbsp;<span style=\"color: #000080;\"><strong>Marie-Pierre BLONDEL<\/strong><\/span><\/h3>\n\n\n\n<h3 class=\"wp-block-heading\">R\u00e9f\u00e9rente de l\u2019activit\u00e9 : <span style=\"color: #000080;\"><strong>Marie-Pierre BLONDEL<\/strong><\/span><\/h3>\n<\/div><\/div>\n\n\n\n<h3 class=\"wp-block-heading\">Cotisation annuelle :<span style=\"color: #000080;\"> <strong>10 euros\/adh\u00e9rent<\/strong><\/span><\/h3>\n\n\n\n<h2 class=\"wp-block-heading\"><span style=\"color: #0000ff;\"><strong>P<\/strong><b>r\u00e9sentation en quelques mots<\/b><\/span><\/h2>\n\n\n\n<h3 class=\"wp-block-heading\">Danses collectives, danses en ligne, country (<em>pas de danses de salon au programme<\/em>).<\/h3>\n\n\n\n<h3 class=\"wp-block-heading\">La danse apporte des b\u00e9n\u00e9fices physiques et psychologiques. Elle a de nombreux bienfaits sur la sant\u00e9. <br>Vous mettrez votre esprit \u00e0 l&#8217;\u00e9preuve, et stimulerez les connexions de votre cerveau.<br>Elle vous permettra d\u2019exprimer votre c\u00f4t\u00e9 artistique.<br>Vous devrez faire des efforts de concentration.<br>Les bienfaits physiques sont multiples\u00a0: tout le corps travaille. La danse ne pr\u00e9sente aucune limite d&#8217;\u00e2ge !<\/h3>\n\n\n\n<h2 class=\"wp-block-heading\"><span style=\"color: #0000ff;\"><strong>Organisation<\/strong><\/span><\/h2>\n\n\n\n<h3 class=\"wp-block-heading\">S\u00e9ance :<strong>jeudi de&nbsp; 14 h 00 \u00e0 16 h 00<\/strong><\/h3>\n\n\n\n<h3 class=\"wp-block-heading\">Lieu : <strong>Maison de l\u2019\u00c9ducation, des Loisirs et de la Culture (MELC \u2013 <em>1er \u00e9tage<\/em>).<\/strong><\/h3>\n\n\n\n<p><span style=\"color: #000000;\">R\u00e8glement sp\u00e9cifique \u00e0 la pratique de la danse : <em><strong><span style=\"color: #ff0000;\"><a href=\"https:\/\/sportseniorcourdimanche.com\/wp-content\/uploads\/2026\/02\/RS-danse-MaJ-2026.pdf\" target=\"_blank\" rel=\"noreferrer noopener\">RS danse M\u00e0J 2026<\/a><\/span><\/strong><\/em><\/span><\/p>\n\n\n\n<h2 class=\"wp-block-heading\"><span style=\"color: #0000ff;\"><strong>En savoir plus sur l\u2019activit\u00e9<\/strong><\/span><\/h2>\n\n\n\n<p><span style=\"color: #000080;\"><b>Bienfaits de <\/b><\/span><b><span style=\"color: #000080;\">la danse :<\/span> <em><span style=\"color: #ff0000;\"><a href=\"https:\/\/sportseniorcourdimanche.com\/wp-content\/uploads\/2026\/01\/DANSE-bonnes-pratiques.pdf\" target=\"_blank\" rel=\"noreferrer noopener\">DANSE bonnes pratiques<\/a><\/span><\/em><\/b><\/p>\n\n\n\n<p><b><span style=\"color: #000080;\">Fiche d\u2019informations \u00e0 la pratique de la danse : <em><span style=\"color: #ff0000;\"><a href=\"https:\/\/sportseniorcourdimanche.com\/wp-content\/uploads\/2026\/01\/Danse-pourquoi-pratiquer-cette-activite.pdf\" target=\"_blank\" rel=\"noreferrer noopener\">Danse pourquoi pratiquer cette activit\u00e9<\/a><\/span><\/em><\/span><\/b><\/p>\n\n\n\n<p><span style=\"color: #000080;\"><strong><span style=\"color: #000080;\">Fiche bien \u00eatre<\/span> : <span style=\"color: #ff0000;\"><em><a href=\"https:\/\/sportseniorcourdimanche.com\/wp-content\/uploads\/2026\/01\/Danse-sante-et-moral.pdf\" target=\"_blank\" rel=\"noreferrer noopener\">Danse sant\u00e9 et moral<\/a><\/em><\/span><\/strong><\/span><\/p>\n","protected":false},"excerpt":{"rendered":"<p>Animation :&nbsp;Marie-Pierre BLONDEL R\u00e9f\u00e9rente de l\u2019activit\u00e9 : Marie-Pierre BLONDEL Cotisation annuelle : 10 euros\/adh\u00e9rent Pr\u00e9sentation en quelques mots Danses collectives, danses en ligne, country (pas de danses de salon au programme). La danse apporte des b\u00e9n\u00e9fices physiques et psychologiques. Elle a de nombreux bienfaits sur la sant\u00e9. Vous mettrez votre esprit \u00e0 l&#8217;\u00e9preuve, et stimulerez [&hellip;]<\/p>\n","protected":false},"author":3,"featured_media":0,"parent":0,"menu_order":0,"comment_status":"closed","ping_status":"closed","template":"activit-s","meta":{"footnotes":""},"class_list":["post-339","page","type-page","status-publish","hentry"],"_links":{"self":[{"href":"https:\/\/sportseniorcourdimanche.com\/index.php?rest_route=\/wp\/v2\/pages\/339","targetHints":{"allow":["GET"]}}],"collection":[{"href":"https:\/\/sportseniorcourdimanche.com\/index.php?rest_route=\/wp\/v2\/pages"}],"about":[{"href":"https:\/\/sportseniorcourdimanche.com\/index.php?rest_route=\/wp\/v2\/types\/page"}],"author":[{"embeddable":true,"href":"https:\/\/sportseniorcourdimanche.com\/index.php?rest_route=\/wp\/v2\/users\/3"}],"replies":[{"embeddable":true,"href":"https:\/\/sportseniorcourdimanche.com\/index.php?rest_route=%2Fwp%2Fv2%2Fcomments&post=339"}],"version-history":[{"count":52,"href":"https:\/\/sportseniorcourdimanche.com\/index.php?rest_route=\/wp\/v2\/pages\/339\/revisions"}],"predecessor-version":[{"id":16017,"href":"https:\/\/sportseniorcourdimanche.com\/index.php?rest_route=\/wp\/v2\/pages\/339\/revisions\/16017"}],"wp:attachment":[{"href":"https:\/\/sportseniorcourdimanche.com\/index.php?rest_route=%2Fwp%2Fv2%2Fmedia&parent=339"}],"curies":[{"name":"wp","href":"https:\/\/api.w.org\/{rel}","templated":true}]}}