{"id":2719,"date":"2018-06-02T11:44:38","date_gmt":"2018-06-02T09:44:38","guid":{"rendered":"http:\/\/sportseniorcourdimanche.com\/?page_id=2719"},"modified":"2026-04-24T23:22:34","modified_gmt":"2026-04-24T21:22:34","slug":"yoga","status":"publish","type":"page","link":"https:\/\/sportseniorcourdimanche.com\/?page_id=2719","title":{"rendered":"Yoga"},"content":{"rendered":"\n<div class=\"wp-block-media-text is-stacked-on-mobile\" style=\"grid-template-columns:15% auto\"><figure class=\"wp-block-media-text__media\"><img loading=\"lazy\" decoding=\"async\" width=\"170\" height=\"136\" src=\"https:\/\/sportseniorcourdimanche.com\/wp-content\/uploads\/2026\/02\/yoga.png\" alt=\"\" class=\"wp-image-15537 size-full\"\/><\/figure><div class=\"wp-block-media-text__content\">\n<p>Animation :&nbsp;<strong>Denise<\/strong><em>(form\u00e9e et adh\u00e9rente \u00e0 la F\u00e9d\u00e9ration Nationale des Enseignants de Yoga)<\/em><\/p>\n\n\n\n<p>R\u00e9f\u00e9rent(e) de l\u2019activit\u00e9 :&nbsp;<strong>Dominique ALET<\/strong><\/p>\n<\/div><\/div>\n\n\n\n<h3 class=\"wp-block-heading\">Cotisation annuelle : <strong><span style=\"color: #000080\">130 euros\/adh\u00e9rent<\/span><\/strong><\/h3>\n\n\n\n<h2 class=\"wp-block-heading\"><span style=\"color: #0000ff;\"><strong>Pr\u00e9sentation en quelques mots<\/strong><\/span><\/h2>\n\n\n\n<h3 class=\"wp-block-heading\">Nous vous proposons un programme de Yoga adapt\u00e9 aux seniors. Les exercices tiennent compte du niveau des participants (<em>d\u00e9butant et confirm\u00e9<\/em>).<\/h3>\n\n\n\n<p>Parmi les diff\u00e9rentes disciplines de yoga, Denise vous propose la pratique du &#8220;yoga de l\u2019\u00e9nergie&#8221; d\u2019inspiration du hatha-yoga. Il <span class=\"body-c-c6\">a \u00e9t\u00e9 cr\u00e9\u00e9 et codifi\u00e9 par Roger Clerc (en France). Il est enseign\u00e9 dans <\/span>les \u00e9coles de la F\u00e9d\u00e9ration Nationale des Enseignants de Yoga<span class=\"body-c-c6\">. <\/span><span class=\"body-c-c5\">Le yoga de l\u2019\u00e9nergie se singularise des autres formes de yogas en mettant l\u2019accent sur <\/span><span class=\"body-c-c5\">:<\/span><\/p>\n\n\n\n<ol class=\"wp-block-list\">\n<li><span class=\"body-c-c7\">La mise en \u00e9vidence de la relation geste-respiration,<\/span><\/li>\n\n\n\n<li><span class=\"body-c-c7\">Le regard int\u00e9rieur,<\/span><\/li>\n\n\n\n<li><span class=\"body-c-c7\">Le d\u00e9veloppement de la sensibilit\u00e9.<\/span><\/li>\n<\/ol>\n\n\n\n<h2 class=\"wp-block-heading\"><span style=\"color: #0000ff;\"><strong>Organisation<\/strong><\/span><\/h2>\n\n\n\n<h3 class=\"wp-block-heading\">S\u00e9ances :<strong> mardi de 10h00 \u00e0 11h00 ou de 16 h 45 \u00e0 17 h 45 <\/strong>(<em>le cours d\u00e9bute \u00e0 l&#8217;heure pr\u00e9cise<\/em>)<\/h3>\n\n\n\n<h3 class=\"wp-block-heading\">Lieu :<strong> Maison de l\u2019\u00c9ducation, des Loisirs et de la Culture (MELC &#8211; <em>1er \u00e9tage<\/em>). 64 boulevard des Chasseurs \u00e0 Courdimanche<\/strong><\/h3>\n\n\n\n<h3 class=\"wp-block-heading\">R\u00e8glement sp\u00e9cifique \u00e0 la pratique du yoga :&nbsp;<em><strong><span style=\"color: #ff0000;\"><a style=\"color: #ff0000;\" href=\"https:\/\/sportseniorcourdimanche.com\/wp-content\/uploads\/2026\/02\/RS-Yoga-MaJ-2026.pdf\">RS Yoga M\u00e0J 2026<\/a><\/span><\/strong><\/em><\/h3>\n\n\n\n<h3 class=\"wp-block-heading\">Nombre de participants :<\/h3>\n\n\n\n<ul class=\"wp-block-list\">\n<li><strong>Nous limitons \u00e0 20 adh\u00e9rents par s\u00e9ance afin de garantir la qualit\u00e9 du cours. <\/strong><\/li>\n\n\n\n<li><strong>Par ailleurs, nous suivons sur une liste d&#8217;attente les demandes non satisfaites.<\/strong><\/li>\n<\/ul>\n\n\n\n<h2 class=\"wp-block-heading\"><span style=\"color: #0000ff;\"><strong>En savoir plus sur l\u2019activit\u00e9<\/strong><\/span><\/h2>\n\n\n\n<\/p>\n<h3 class=\"wp-block-heading\"><b>Bienfaits du yoga : <\/b><span style=\"color: #ff0000\"><em><strong><a style=\"color: #ff0000\" href=\"https:\/\/sportseniorcourdimanche.com\/wp-content\/uploads\/2018\/09\/CSSSC-6-raisons-de-pratiquer-le-yoga.pdf\">CSSSC 6 raisons de pratiquer le yoga<\/a><\/strong><\/em><\/span><\/h3>\n<h3>\n\n\n\n<\/h3>\n<h3 class=\"wp-block-heading\"><b>Fiche d\u2019informations sur la pratique du yoga : <\/b><em>\u00e0 venir<\/em><\/h3>\n<p>\n","protected":false},"excerpt":{"rendered":"<p>Animation :&nbsp;Denise(form\u00e9e et adh\u00e9rente \u00e0 la F\u00e9d\u00e9ration Nationale des Enseignants de Yoga) R\u00e9f\u00e9rent(e) de l\u2019activit\u00e9 :&nbsp;Dominique ALET Cotisation annuelle : 130 euros\/adh\u00e9rent Pr\u00e9sentation en quelques mots Nous vous proposons un programme de Yoga adapt\u00e9 aux seniors. Les exercices tiennent compte du niveau des participants (d\u00e9butant et confirm\u00e9). Parmi les diff\u00e9rentes disciplines de yoga, Denise vous [&hellip;]<\/p>\n","protected":false},"author":3,"featured_media":0,"parent":0,"menu_order":0,"comment_status":"closed","ping_status":"closed","template":"activit-s","meta":{"footnotes":""},"class_list":["post-2719","page","type-page","status-publish","hentry"],"_links":{"self":[{"href":"https:\/\/sportseniorcourdimanche.com\/index.php?rest_route=\/wp\/v2\/pages\/2719","targetHints":{"allow":["GET"]}}],"collection":[{"href":"https:\/\/sportseniorcourdimanche.com\/index.php?rest_route=\/wp\/v2\/pages"}],"about":[{"href":"https:\/\/sportseniorcourdimanche.com\/index.php?rest_route=\/wp\/v2\/types\/page"}],"author":[{"embeddable":true,"href":"https:\/\/sportseniorcourdimanche.com\/index.php?rest_route=\/wp\/v2\/users\/3"}],"replies":[{"embeddable":true,"href":"https:\/\/sportseniorcourdimanche.com\/index.php?rest_route=%2Fwp%2Fv2%2Fcomments&post=2719"}],"version-history":[{"count":61,"href":"https:\/\/sportseniorcourdimanche.com\/index.php?rest_route=\/wp\/v2\/pages\/2719\/revisions"}],"predecessor-version":[{"id":16010,"href":"https:\/\/sportseniorcourdimanche.com\/index.php?rest_route=\/wp\/v2\/pages\/2719\/revisions\/16010"}],"wp:attachment":[{"href":"https:\/\/sportseniorcourdimanche.com\/index.php?rest_route=%2Fwp%2Fv2%2Fmedia&parent=2719"}],"curies":[{"name":"wp","href":"https:\/\/api.w.org\/{rel}","templated":true}]}}