{"id":271,"date":"2017-05-18T19:27:28","date_gmt":"2017-05-18T17:27:28","guid":{"rendered":"http:\/\/sportseniorcourdimanche.com\/?page_id=271"},"modified":"2026-02-14T17:30:25","modified_gmt":"2026-02-14T16:30:25","slug":"prendre-contact-2","status":"publish","type":"page","link":"https:\/\/sportseniorcourdimanche.com\/?page_id=271","title":{"rendered":"Prendre contact avec le club par :"},"content":{"rendered":"<h2><strong><span style=\"color: #000080\">Courrier postal :<\/span><\/strong><\/h2>\n<h3 style=\"padding-left: 30px\">\u00a0 \u00a0 \u00a0 \u00a0<strong> \u00a0Club Sport Senior Sant\u00e9 de Courdimanche<\/strong><\/h3>\n<h3 style=\"padding-left: 30px\"><strong>\u00a0 \u00a0 \u00a0 \u00a0 \u00a0MELC &#8211; 64 boulevard des Chasseurs\u00a0 \u00a0 \u00a0 \u00a0 95800\u00a0 Courdimanche<\/strong><\/h3>\n<h2><strong><span style=\"color: #000080\">Messagerie : <span style=\"color: #000000\">sportseniorcourdimanche@gmail.com<\/span><\/span><\/strong><\/h2>\n<h2><strong><span style=\"color: #000080\">Un r\u00e9f\u00e9rent d\u2019activit\u00e9 ou un animateur : <\/span><\/strong><\/h2>\n<ul>\n<li>\n<h3><b><\/b><strong>Adh\u00e9rents : Reportez-vous aux fiches d\u2019activit\u00e9s. N\u2019h\u00e9sitez pas \u00e0 vous rapprocher des animateurs et r\u00e9f\u00e9rents si vous vous posez une question sur nos activit\u00e9s.<\/strong><\/h3>\n<\/li>\n<li>\n<h3><strong>Visiteurs non adh\u00e9rents : Consultez notre site et pour toutes demandes de renseignements envoyez un courrier ou courriel aux adresses ci-dessus avec vos coordonn\u00e9es afin que l&#8217;on puisse prendre contact avec vous.<\/strong><\/h3>\n<\/li>\n<\/ul>\n\n\n<p><\/p>\n","protected":false},"excerpt":{"rendered":"<p>Courrier postal : \u00a0 \u00a0 \u00a0 \u00a0 \u00a0Club Sport Senior Sant\u00e9 de Courdimanche \u00a0 \u00a0 \u00a0 \u00a0 \u00a0MELC &#8211; 64 boulevard des Chasseurs\u00a0 \u00a0 \u00a0 \u00a0 95800\u00a0 Courdimanche Messagerie : sportseniorcourdimanche@gmail.com Un r\u00e9f\u00e9rent d\u2019activit\u00e9 ou un animateur : Adh\u00e9rents : Reportez-vous aux fiches d\u2019activit\u00e9s. N\u2019h\u00e9sitez pas \u00e0 vous rapprocher des animateurs et r\u00e9f\u00e9rents si vous [&hellip;]<\/p>\n","protected":false},"author":3,"featured_media":0,"parent":15,"menu_order":0,"comment_status":"closed","ping_status":"closed","template":"","meta":{"footnotes":""},"class_list":["post-271","page","type-page","status-publish","hentry"],"_links":{"self":[{"href":"https:\/\/sportseniorcourdimanche.com\/index.php?rest_route=\/wp\/v2\/pages\/271","targetHints":{"allow":["GET"]}}],"collection":[{"href":"https:\/\/sportseniorcourdimanche.com\/index.php?rest_route=\/wp\/v2\/pages"}],"about":[{"href":"https:\/\/sportseniorcourdimanche.com\/index.php?rest_route=\/wp\/v2\/types\/page"}],"author":[{"embeddable":true,"href":"https:\/\/sportseniorcourdimanche.com\/index.php?rest_route=\/wp\/v2\/users\/3"}],"replies":[{"embeddable":true,"href":"https:\/\/sportseniorcourdimanche.com\/index.php?rest_route=%2Fwp%2Fv2%2Fcomments&post=271"}],"version-history":[{"count":40,"href":"https:\/\/sportseniorcourdimanche.com\/index.php?rest_route=\/wp\/v2\/pages\/271\/revisions"}],"predecessor-version":[{"id":15201,"href":"https:\/\/sportseniorcourdimanche.com\/index.php?rest_route=\/wp\/v2\/pages\/271\/revisions\/15201"}],"up":[{"embeddable":true,"href":"https:\/\/sportseniorcourdimanche.com\/index.php?rest_route=\/wp\/v2\/pages\/15"}],"wp:attachment":[{"href":"https:\/\/sportseniorcourdimanche.com\/index.php?rest_route=%2Fwp%2Fv2%2Fmedia&parent=271"}],"curies":[{"name":"wp","href":"https:\/\/api.w.org\/{rel}","templated":true}]}}