{"id":1920,"date":"2017-11-09T12:04:31","date_gmt":"2017-11-09T11:04:31","guid":{"rendered":"http:\/\/sportseniorcourdimanche.com\/?page_id=1920"},"modified":"2026-03-09T13:59:37","modified_gmt":"2026-03-09T12:59:37","slug":"reglement-interieur-csssc","status":"publish","type":"page","link":"https:\/\/sportseniorcourdimanche.com\/?page_id=1920","title":{"rendered":"Statuts et r\u00e8glement int\u00e9rieur"},"content":{"rendered":"\n<h3 class=\"wp-block-heading\"><strong>Le club fonctionne suivant des statuts et un r\u00e8glement int\u00e9rieur g\u00e9n\u00e9ral que vous trouverez ci-dessous<\/strong><\/h3>\n\n\n<h2><span style=\"color: #0000ff\"><strong>Statuts de l&#8217;association<\/strong><\/span><\/h2>\n\n\n<div data-wp-interactive=\"core\/file\" class=\"wp-block-file alignwide has-border-color has-base-border-color has-base-background-color has-background\" style=\"margin-top:0;margin-right:0;margin-bottom:0;margin-left:0;padding-top:0;padding-right:0;padding-bottom:0;padding-left:0\"><object data-wp-bind--hidden=\"!state.hasPdfPreview\" hidden class=\"wp-block-file__embed\" data=\"https:\/\/sportseniorcourdimanche.com\/wp-content\/uploads\/2025\/09\/Statuts-2025-signes.pdf\" type=\"application\/pdf\" style=\"width:100%;height:1191px\" aria-label=\"Contenu embarqu\u00e9 Statuts 2025 sign\u00e9s.\"><\/object><a id=\"wp-block-file--media-d876eb7d-d244-4464-8b07-5bf37402a5c0\" href=\"https:\/\/sportseniorcourdimanche.com\/wp-content\/uploads\/2025\/09\/Statuts-2025-signes.pdf\">Statuts 2025 sign\u00e9s<\/a><a href=\"https:\/\/sportseniorcourdimanche.com\/wp-content\/uploads\/2025\/09\/Statuts-2025-signes.pdf\" class=\"wp-block-file__button wp-element-button\" download aria-describedby=\"wp-block-file--media-d876eb7d-d244-4464-8b07-5bf37402a5c0\">T\u00e9l\u00e9charger<\/a><\/div>\n\n\n\n<p>Statuts modifi\u00e9s en 2023 :&nbsp;<em><strong><span style=\"color: #ff0000\"><a style=\"color: #ff0000\" href=\"https:\/\/sportseniorcourdimanche.com\/wp-content\/uploads\/2024\/06\/Statuts-2023-modifs-valides-en-AGE.pdf\">Statuts 2023 modifs valid\u00e9s en AGE<\/a><\/span><\/strong><\/em><\/p>\n\n\n<h2><span style=\"color: #0000ff\"><strong>R\u00e8glement int\u00e9rieur g\u00e9n\u00e9ral<\/strong><\/span><\/h2>\n\n\n<div data-wp-interactive=\"core\/file\" class=\"wp-block-file\"><object data-wp-bind--hidden=\"!state.hasPdfPreview\" hidden class=\"wp-block-file__embed\" data=\"https:\/\/sportseniorcourdimanche.com\/wp-content\/uploads\/2025\/09\/Reglement-interieur-general-2025.pdf\" type=\"application\/pdf\" style=\"width:100%;height:1199px\" aria-label=\"Contenu embarqu\u00e9 Reglement interieur g\u00e9n\u00e9ral 2025.\"><\/object><a id=\"wp-block-file--media-dc4f330b-0281-4112-acb7-7c7878c9ccc5\" href=\"https:\/\/sportseniorcourdimanche.com\/wp-content\/uploads\/2025\/09\/Reglement-interieur-general-2025.pdf\">Reglement interieur g\u00e9n\u00e9ral 2025<\/a><a href=\"https:\/\/sportseniorcourdimanche.com\/wp-content\/uploads\/2025\/09\/Reglement-interieur-general-2025.pdf\" class=\"wp-block-file__button wp-element-button\" download aria-describedby=\"wp-block-file--media-dc4f330b-0281-4112-acb7-7c7878c9ccc5\">T\u00e9l\u00e9charger<\/a><\/div>\n\n\n\n<h3 class=\"wp-block-heading\"><strong>D&#8217;autre part, dans chaque activit\u00e9, l&#8217;adh\u00e9rent est tenu de respecter un r\u00e8glement sp\u00e9cifique \u00e0 la discipline concern\u00e9e :\u00a0<\/strong><\/h3>\n\n\n\n<ul class=\"wp-block-list\">\n<li>Vous trouverez ces documents dans la rubrique de l\u2019activit\u00e9 sportive correspondante, situ\u00e9e dans le menu &#8220;nos activit\u00e9s sportives&#8221;.<\/li>\n<\/ul>\n\n\n\n<p><\/p>\n","protected":false},"excerpt":{"rendered":"<p>Le club fonctionne suivant des statuts et un r\u00e8glement int\u00e9rieur g\u00e9n\u00e9ral que vous trouverez ci-dessous Statuts de l&#8217;association Statuts modifi\u00e9s en 2023 :&nbsp;Statuts 2023 modifs valid\u00e9s en AGE R\u00e8glement int\u00e9rieur g\u00e9n\u00e9ral D&#8217;autre part, dans chaque activit\u00e9, l&#8217;adh\u00e9rent est tenu de respecter un r\u00e8glement sp\u00e9cifique \u00e0 la discipline concern\u00e9e :\u00a0<\/p>\n","protected":false},"author":3,"featured_media":0,"parent":0,"menu_order":0,"comment_status":"closed","ping_status":"closed","template":"le-club","meta":{"footnotes":""},"class_list":["post-1920","page","type-page","status-publish","hentry"],"_links":{"self":[{"href":"https:\/\/sportseniorcourdimanche.com\/index.php?rest_route=\/wp\/v2\/pages\/1920","targetHints":{"allow":["GET"]}}],"collection":[{"href":"https:\/\/sportseniorcourdimanche.com\/index.php?rest_route=\/wp\/v2\/pages"}],"about":[{"href":"https:\/\/sportseniorcourdimanche.com\/index.php?rest_route=\/wp\/v2\/types\/page"}],"author":[{"embeddable":true,"href":"https:\/\/sportseniorcourdimanche.com\/index.php?rest_route=\/wp\/v2\/users\/3"}],"replies":[{"embeddable":true,"href":"https:\/\/sportseniorcourdimanche.com\/index.php?rest_route=%2Fwp%2Fv2%2Fcomments&post=1920"}],"version-history":[{"count":20,"href":"https:\/\/sportseniorcourdimanche.com\/index.php?rest_route=\/wp\/v2\/pages\/1920\/revisions"}],"predecessor-version":[{"id":15649,"href":"https:\/\/sportseniorcourdimanche.com\/index.php?rest_route=\/wp\/v2\/pages\/1920\/revisions\/15649"}],"wp:attachment":[{"href":"https:\/\/sportseniorcourdimanche.com\/index.php?rest_route=%2Fwp%2Fv2%2Fmedia&parent=1920"}],"curies":[{"name":"wp","href":"https:\/\/api.w.org\/{rel}","templated":true}]}}