{"id":13316,"date":"2025-06-13T18:12:17","date_gmt":"2025-06-13T16:12:17","guid":{"rendered":"https:\/\/sportseniorcourdimanche.com\/?page_id=13316"},"modified":"2026-04-24T23:14:04","modified_gmt":"2026-04-24T21:14:04","slug":"tennis-de-table-2","status":"publish","type":"page","link":"https:\/\/sportseniorcourdimanche.com\/?page_id=13316","title":{"rendered":"Th\u00e9\u00e2tre : Jeux d&#8217;art et de cr\u00e9ativit\u00e9"},"content":{"rendered":"\n<div class=\"wp-block-media-text is-stacked-on-mobile\" style=\"grid-template-columns:15% auto\"><figure class=\"wp-block-media-text__media\"><img loading=\"lazy\" decoding=\"async\" width=\"304\" height=\"242\" src=\"https:\/\/sportseniorcourdimanche.com\/wp-content\/uploads\/2026\/02\/picto-thatre.png\" alt=\"\" class=\"wp-image-15409 size-full\"\/><\/figure><div class=\"wp-block-media-text__content\">\n<h3 class=\"wp-block-heading\">Animation : <strong><span style=\"color: #000080;\">B\u00e9reng\u00e8re<\/span><\/strong><em>(Com\u00e9dienne, metteure en sc\u00e8ne et marionnettiste)<\/em><\/h3>\n\n\n\n<h3 class=\"wp-block-heading\">R\u00e9f\u00e9rente de l\u2019activit\u00e9 :&nbsp;<span style=\"color: #000080;\"><strong>Manuelle THOUMY<\/strong><\/span><\/h3>\n<\/div><\/div>\n\n\n\n<h3 class=\"wp-block-heading\"><span style=\"color: #000080;\"><span style=\"color: #000000;\">Cotisation annuelle :<\/span><\/span><strong><span style=\"color: #000080;\"> 174 \u20ac&nbsp;euros\/adh\u00e9rent<\/span> (<em>en 3 fois, soit 3&#215;58 \u20ac<\/em>)&nbsp;<\/strong><\/h3>\n\n\n\n<h2 class=\"wp-block-heading\"><span style=\"color: #0000ff;\"><strong>Pr\u00e9sentation en quelques mots<\/strong><\/span><\/h2>\n\n\n\n<p><strong>Le th\u00e9\u00e2tre est une activit\u00e9 compl\u00e8te qui permet de&nbsp; rester en bonne forme physique et mentale.<\/strong><\/p>\n\n\n\n<p><strong>Accessible \u00e0 tous, elle permet de d\u00e9velopper la concentration et la m\u00e9moire. Sa pratique r\u00e9guli\u00e8re am\u00e9liore aussi la coordination gestuelle et la mobilit\u00e9.<\/strong><\/p>\n\n\n\n<p><strong>En offrant une combinaison unique de stimulation mentale, expression cr\u00e9ative, lien social et bien-\u00eatre \u00e9motionnel, le th\u00e9\u00e2tre devient bien plus qu\u2019une simple exp\u00e9rience divertissante , il devient un moyen puissant et valorisant d\u2019enrichir la vie des participants.<\/strong><\/p>\n\n\n\n<h2 class=\"wp-block-heading\"><span style=\"color: #0000ff;\"><strong>Organisation<\/strong><\/span><\/h2>\n\n\n\n<h3 class=\"wp-block-heading\">S\u00e9ance : <strong>jeudi de 10h00 \u00e0 12h00<\/strong> (sauf cong\u00e9s scolaires)<\/h3>\n\n\n\n<h3 class=\"wp-block-heading\">Lieu : <strong>MELC, 64 boulevard des Chasseurs \u00e0 Courdimanche.<\/strong><\/h3>\n\n\n\n<h3 class=\"wp-block-heading\">R\u00e8glement sp\u00e9cifique \u00e0 l&#8217;activit\u00e9 : <span style=\"color: #ff0000;\"><strong><em><a style=\"color: #ff0000;\" href=\"https:\/\/sportseniorcourdimanche.com\/wp-content\/uploads\/2026\/02\/RS-Theatre-MaJ-2026.pdf\">RS Th\u00e9atre M\u00e0J 2026<\/a><\/em><\/strong><\/span><\/h3>\n\n\n\n<h2 class=\"wp-block-heading\"><span style=\"color: #0000ff;\"><strong>En savoir plus sur l\u2019activit\u00e9<\/strong><\/span><\/h2>\n\n\n\n<h3 class=\"wp-block-heading\"><span style=\"color: #000080;\"><b>Bienfaits <\/b><\/span><b><span style=\"color: #000080;\">&nbsp;:&nbsp;<\/span><br><\/b><\/h3>\n\n\n\n<ul class=\"wp-block-list\">\n<li>Exercice de m\u00e9moire : <strong>Travailler la m\u00e9moire et la concentration par l\u2019apprentissage de textes<\/strong><\/li>\n\n\n\n<li>Cr\u00e9ativit\u00e9 et expression : <strong>Offrir un espace de libert\u00e9 o\u00f9 l\u2019imagination peut s\u2019\u00e9panouir<\/strong><\/li>\n<\/ul>\n\n\n\n<h3 class=\"wp-block-heading\"><b><span style=\"color: #000080;\">Fiche d\u2019informations : <\/span><\/b><em><span style=\"color: #000080;\"><span style=\"color: #000000;\">\u00e0 venir<\/span><\/span><\/em><\/h3>\n\n\n\n<p><\/p>\n","protected":false},"excerpt":{"rendered":"<p>Animation : B\u00e9reng\u00e8re(Com\u00e9dienne, metteure en sc\u00e8ne et marionnettiste) R\u00e9f\u00e9rente de l\u2019activit\u00e9 :&nbsp;Manuelle THOUMY Cotisation annuelle : 174 \u20ac&nbsp;euros\/adh\u00e9rent (en 3 fois, soit 3&#215;58 \u20ac)&nbsp; Pr\u00e9sentation en quelques mots Le th\u00e9\u00e2tre est une activit\u00e9 compl\u00e8te qui permet de&nbsp; rester en bonne forme physique et mentale. Accessible \u00e0 tous, elle permet de d\u00e9velopper la concentration et la [&hellip;]<\/p>\n","protected":false},"author":3,"featured_media":0,"parent":0,"menu_order":0,"comment_status":"closed","ping_status":"closed","template":"activit-s","meta":{"footnotes":""},"class_list":["post-13316","page","type-page","status-publish","hentry"],"_links":{"self":[{"href":"https:\/\/sportseniorcourdimanche.com\/index.php?rest_route=\/wp\/v2\/pages\/13316","targetHints":{"allow":["GET"]}}],"collection":[{"href":"https:\/\/sportseniorcourdimanche.com\/index.php?rest_route=\/wp\/v2\/pages"}],"about":[{"href":"https:\/\/sportseniorcourdimanche.com\/index.php?rest_route=\/wp\/v2\/types\/page"}],"author":[{"embeddable":true,"href":"https:\/\/sportseniorcourdimanche.com\/index.php?rest_route=\/wp\/v2\/users\/3"}],"replies":[{"embeddable":true,"href":"https:\/\/sportseniorcourdimanche.com\/index.php?rest_route=%2Fwp%2Fv2%2Fcomments&post=13316"}],"version-history":[{"count":24,"href":"https:\/\/sportseniorcourdimanche.com\/index.php?rest_route=\/wp\/v2\/pages\/13316\/revisions"}],"predecessor-version":[{"id":16006,"href":"https:\/\/sportseniorcourdimanche.com\/index.php?rest_route=\/wp\/v2\/pages\/13316\/revisions\/16006"}],"wp:attachment":[{"href":"https:\/\/sportseniorcourdimanche.com\/index.php?rest_route=%2Fwp%2Fv2%2Fmedia&parent=13316"}],"curies":[{"name":"wp","href":"https:\/\/api.w.org\/{rel}","templated":true}]}}