{"id":13244,"date":"2017-06-27T16:50:13","date_gmt":"2017-06-27T14:50:13","guid":{"rendered":"https:\/\/sportseniorcourdimanche.com\/?page_id=13244"},"modified":"2026-04-07T20:12:59","modified_gmt":"2026-04-07T18:12:59","slug":"adherer-au-club-2","status":"publish","type":"page","link":"https:\/\/sportseniorcourdimanche.com\/?page_id=13244","title":{"rendered":"Comment adh\u00e9rer au CSSSC"},"content":{"rendered":"\n<h1 class=\"wp-block-heading\"><span style=\"color: #000080\">Saison 2025 &#8211; 2026<\/span><\/h1>\n\n\n\n<h2 class=\"wp-block-heading\"><strong><span style=\"color: #000080\">L&#8217;inscription aux activit\u00e9s <\/span><span style=\"color: #000080\">n\u00e9cessite les documents suivants<\/span><\/strong><\/h2>\n\n\n\n<ul class=\"wp-block-list\">\n<li><p><span style=\"color: #000000\"><strong>Bulletin d&#8217;inscription adh\u00e9rent(e) 2025 &#8211; 2026 : &nbsp;<\/strong><\/span><a style=\"letter-spacing: -0.1px\" href=\"https:\/\/sportseniorcourdimanche.com\/wp-content\/uploads\/2026\/01\/2025-2026-adhesion-simplifiee-CSSSC-FFSpT-V3.pdf\"><em><span style=\"color: #ff0000\"><strong>2025 2026 adh\u00e9sion simplifi\u00e9e CSSSC &#8211; FFSpT V3<\/strong><\/span><\/em><\/a><\/p><\/li>\n\n\n\n<li><span style=\"color: #000080\"><strong><span style=\"color: #000000\">Formulaire droit \u00e0 l\u2019image et traitement des donn\u00e9es personnelles<\/span><span style=\"color: #000080\"><i>&nbsp; :&nbsp; <\/i><\/span><\/strong><\/span><strong>la fiche se trouve au verso du bulletin d&#8217;inscription.<\/strong><\/li>\n<\/ul>\n\n\n\n<h2 class=\"wp-block-heading\"><span style=\"color: #000080\"><strong>Demande de licence FFSpT<\/strong><\/span><\/h2>\n\n\n\n<p><strong>Suivant votre r\u00f4le dans le club, vous avez un formulaire sp\u00e9cifique \u00e0 remplir :<\/strong><\/p>\n\n\n\n<ul class=\"wp-block-list\">\n<li><strong>demande de licence pratiquant (<em>adh\u00e9rent<\/em>) : <em><span style=\"color: #ff0000\"><a style=\"color: #ff0000\" href=\"https:\/\/sportseniorcourdimanche.com\/wp-content\/uploads\/2026\/01\/FFSpT-Demande-licence-Pratiquant-2025-2026.pdf\">FFSpT Dema<\/a><a style=\"color: #ff0000\" href=\"https:\/\/sportseniorcourdimanche.com\/wp-content\/uploads\/2026\/01\/FFSpT-Demande-licence-Pratiquant-2025-2026.pdf\">nde licence Pratiquant 2025-2026<\/a><\/span><\/em><\/strong><\/li>\n\n\n\n<li><strong>demande de licence cadre dirigeant (<em>staff comdir<\/em>) : <em><span style=\"color: #ff0000\"><a style=\"color: #ff0000\" href=\"https:\/\/sportseniorcourdimanche.com\/wp-content\/uploads\/2026\/01\/FFSpT-Demande-licence-Dirigeant-2025-2026.pdf\">FFSpT Demande licence Dirigeant 2025-2026<\/a><\/span><\/em><\/strong><\/li>\n\n\n\n<li><strong>demande de licence cadre technique (<em>animateurs<\/em>) : <em><span style=\"color: #ff0000\"><a style=\"color: #ff0000\" href=\"https:\/\/sportseniorcourdimanche.com\/wp-content\/uploads\/2026\/01\/FFSpT-Demande-licence-Cadre-Technique-2025-2026.pdf\">FFSpT Demande licence Cadre Technique 2025-2026<\/a><\/span><\/em><\/strong><\/li>\n<\/ul>\n\n\n\n<h2 class=\"wp-block-heading\"><strong><span style=\"color: #000080\">Remise de la licence f\u00e9d\u00e9rale et notice d&#8217;assurance&nbsp;<\/span><\/strong><\/h2>\n\n\n\n<p><strong>Ces documents seront envoy\u00e9s de fa\u00e7on d\u00e9mat\u00e9rialis\u00e9s sur votre messagerie par notre f\u00e9d\u00e9ration, la FFSpT, apr\u00e8s paiement de vos cotisations.<\/strong><\/p>\n\n\n\n<ul class=\"wp-block-list\">\n<li><strong>Pensez \u00e0 imprimer ces documents et \u00e0 les sauvegarder.<\/strong><\/li>\n\n\n\n<li><strong>La licence et ses assurances sont valables du <strong>01\/09 au 31\/08 de l&#8217;ann\u00e9e suivante.<\/strong> <\/strong><\/li>\n<\/ul>\n\n\n\n<h2 class=\"wp-block-heading\"><strong><span style=\"color: #000080\">Passeport sant\u00e9 personnel<\/span><\/strong><\/h2>\n\n\n\n<p><span style=\"color: #000000\"><strong>Il est fortement recommand\u00e9 de le porter sur soi en toutes occasions et utile pour les services de secours<\/strong>&nbsp;<\/span><\/p>\n\n\n<h3>Lien : <em><strong><span style=\"color: #ff0000\"><a style=\"color: #ff0000\" href=\"https:\/\/sportseniorcourdimanche.com\/wp-content\/uploads\/2026\/04\/Passeport-Info-secours-version-07-04-2026.pdf\">Passeport Info secours version 07 04 2026<\/a><\/span><\/strong><\/em><\/h3>\n\n\n<h2 class=\"wp-block-heading\"><span style=\"color: #000080\"><strong>Information &#8220;certificat m\u00e9dical et QS sport&#8221;<\/strong><\/span><\/h2>\n\n\n\n<p><strong>Il n&#8217;est plus obligatoire de fournir un certificat m\u00e9dical d&#8217;absence de contre-indication \u00e0 la pratique sportive de loisir pour obtenir sa licence.<\/strong><\/p>\n\n\n\n<ul class=\"wp-block-list\">\n<li><strong>Avis m\u00e9dical : pour vous aider \u00e0 savoir si vous avez besoin d&#8217;une visite m\u00e9dicale, nous vous proposons l\u2019auto-questionnaire \u00ab <\/strong>Q-AAP+ <strong>\u00bb \u00e9labor\u00e9 par la Haute Autorit\u00e9 de Sant\u00e9, qui comporte sept questions de base : <\/strong><\/li>\n<\/ul>\n\n\n\n<p><\/p>\n","protected":false},"excerpt":{"rendered":"<p>Saison 2025 &#8211; 2026 L&#8217;inscription aux activit\u00e9s n\u00e9cessite les documents suivants Demande de licence FFSpT Suivant votre r\u00f4le dans le club, vous avez un formulaire sp\u00e9cifique \u00e0 remplir : Remise de la licence f\u00e9d\u00e9rale et notice d&#8217;assurance&nbsp; Ces documents seront envoy\u00e9s de fa\u00e7on d\u00e9mat\u00e9rialis\u00e9s sur votre messagerie par notre f\u00e9d\u00e9ration, la FFSpT, apr\u00e8s paiement de [&hellip;]<\/p>\n","protected":false},"author":3,"featured_media":0,"parent":0,"menu_order":0,"comment_status":"closed","ping_status":"closed","template":"","meta":{"footnotes":""},"class_list":["post-13244","page","type-page","status-publish","hentry"],"_links":{"self":[{"href":"https:\/\/sportseniorcourdimanche.com\/index.php?rest_route=\/wp\/v2\/pages\/13244","targetHints":{"allow":["GET"]}}],"collection":[{"href":"https:\/\/sportseniorcourdimanche.com\/index.php?rest_route=\/wp\/v2\/pages"}],"about":[{"href":"https:\/\/sportseniorcourdimanche.com\/index.php?rest_route=\/wp\/v2\/types\/page"}],"author":[{"embeddable":true,"href":"https:\/\/sportseniorcourdimanche.com\/index.php?rest_route=\/wp\/v2\/users\/3"}],"replies":[{"embeddable":true,"href":"https:\/\/sportseniorcourdimanche.com\/index.php?rest_route=%2Fwp%2Fv2%2Fcomments&post=13244"}],"version-history":[{"count":12,"href":"https:\/\/sportseniorcourdimanche.com\/index.php?rest_route=\/wp\/v2\/pages\/13244\/revisions"}],"predecessor-version":[{"id":15866,"href":"https:\/\/sportseniorcourdimanche.com\/index.php?rest_route=\/wp\/v2\/pages\/13244\/revisions\/15866"}],"wp:attachment":[{"href":"https:\/\/sportseniorcourdimanche.com\/index.php?rest_route=%2Fwp%2Fv2%2Fmedia&parent=13244"}],"curies":[{"name":"wp","href":"https:\/\/api.w.org\/{rel}","templated":true}]}}