{"id":13,"date":"2017-07-01T20:55:47","date_gmt":"2017-07-01T18:55:47","guid":{"rendered":"http:\/\/sportseniorcourdimanche.com\/?page_id=13"},"modified":"2025-12-28T14:37:29","modified_gmt":"2025-12-28T13:37:29","slug":"vie-du-club","status":"publish","type":"page","link":"https:\/\/sportseniorcourdimanche.com\/?page_id=13","title":{"rendered":"Qui sommes-nous ?"},"content":{"rendered":"\n<p><b><span style=\"color: #000080;\">Le club est<\/span><\/b><\/p>\n\n\n\n<ul class=\"wp-block-list\">\n<li style=\"line-height:1\">une association type loi 1901 cr\u00e9e en 2011<\/li>\n\n\n\n<li>habilit\u00e9 par l\u2019administration fiscale \u00e0 percevoir des dons depuis 2016<\/li>\n\n\n\n<li>signataire en 2021 de la <strong style=\"font-size: inherit;\">Charte de la la\u00efcit\u00e9 et des valeurs de la R\u00e9publique du Val d&#8217;Oise<\/strong>\n<ul class=\"wp-block-list\">\n<li style=\"line-height:1\"><strong style=\"font-size: inherit;\">Lien :&nbsp; <\/strong><em><span style=\"color: #ff0000;\"><a style=\"color: #ff0000;\" href=\"https:\/\/sportseniorcourdimanche.com\/wp-content\/uploads\/2025\/10\/Charte-laicite.pdf\">Charte la\u00efcite<\/a><\/span><\/em><\/li>\n<\/ul>\n<\/li>\n\n\n\n<li>affili\u00e9 \u00e0 la F\u00e9d\u00e9ration Fran\u00e7aise:\n<ul style=\"line-height:1\" class=\"wp-block-list\">\n<li>de la Retraite Sportive&nbsp; de 2011 \u00e0 2025<\/li>\n\n\n\n<li>Sport pour Tous depuis le 01 septembre 2025<\/li>\n<\/ul>\n<\/li>\n<\/ul>\n\n\n\n<p><span style=\"color: #000080;\"><b>La F\u00e9d\u00e9ration Fran\u00e7aise Sport pour Tous, agr\u00e9\u00e9e par le minist\u00e8re des Sports est<\/b><\/span><\/p>\n\n\n\n<ul style=\"line-height:1\" class=\"wp-block-list\">\n<li>multi-sports, avec 160 disciplines reconnues pour leurs bienfaits sur la sant\u00e9 \u00e0 tout \u00e2ge,<\/li>\n\n\n\n<li>reconnue d\u2019utilit\u00e9 publique en 1973 par son engagement dans la pr\u00e9vention sant\u00e9 par le sport,<\/li>\n<\/ul>\n\n\n\n<p><span style=\"color: #000080;\"><strong>Un peu d\u2019histoire<\/strong><\/span><\/p>\n\n\n\n<p>En avril 2011, le Club Sport S\u00e9nior Sant\u00e9 a vu le jour \u00e0 Courdimanche \u00e0 l\u2019initiative d\u2019Arlette DELCOUR, notre premi\u00e8re pr\u00e9sidente au sein de la FFRS. Les activit\u00e9s propos\u00e9es ont \u00e9t\u00e9 \u00e0 ces d\u00e9buts&nbsp; la danse et la randonn\u00e9e. Puis d\u2019autres activit\u00e9s ont \u00e9t\u00e9 propos\u00e9es pour arriver au nombre de 10 en 2018 et 14 en 2022. Elles sont principalement anim\u00e9es par des b\u00e9n\u00e9voles ayant suivi le cursus de formation d\u00e9fini par notre f\u00e9d\u00e9ration. Lors d&#8217;une Assembl\u00e9 G\u00e9n\u00e9rale Extraordinaire en mai 2025, les adh\u00e9rents ont valid\u00e9 un changement de f\u00e9d\u00e9ration et nous avons rejoint la FFSpT au 1er septembre 2025.<\/p>\n\n\n\n<p><strong><span style=\"color: #000080;\">Nos ressources<\/span><\/strong><\/p>\n\n\n\n<p style=\"line-height:1\"><strong>Propres :<\/strong> Les cotisations au club et aux activit\u00e9s.<\/p>\n\n\n\n<p style=\"line-height:1\"><strong>Externes :<\/strong> Les subventions municipales, d\u00e9partementales, dons et aides diverses.<\/p>\n\n\n\n<p style=\"line-height:1\"><strong>B\u00e9n\u00e9volat :<\/strong> En 2025, notre club compte 34 b\u00e9n\u00e9voles.<\/p>\n\n\n\n<p><strong><span style=\"color: #000080;\">Les adh\u00e9rents<\/span><\/strong><\/p>\n\n\n\n<p>Ils habitent Courdimanche, Vaur\u00e9al, Cergy, Parnes, Pontoise, Ennery, Eragny, Conflans Sainte Honorine, Sagy, Puiseux, Menucourt, Boisemont, Osny, Maurecourt, Vigny, Jouy Le Moutier, Fr\u00e9micourt, Magny en Vexin, Us, Melan, Le Heaulme, Vallangoujard, Evecquemont, Ableiges, Heudicourt, Longuesse, Santeuil, Triel, et Vexin sur Epte.<\/p>\n\n\n\n<p>Certaines et certains sont adh\u00e9rents \u00e0 un autre club affili\u00e9 \u00e0 la FFSpT et rejoignent le CSSSC afin de pratiquer des activit\u00e9s non dispens\u00e9es dans leur club d&#8217;origine ou pour des raisons personnelles. Dans ce cas, ils ne paient que la part de cotisation d\u00e9di\u00e9e au CSSSC et aux activit\u00e9s pratiqu\u00e9es(voir le bulletin d&#8217;adh\u00e9sion).<\/p>\n\n\n\n<p><span style=\"color: #000080;\"><strong>El\u00e9ments cl\u00e9s du club<\/strong><\/span><\/p>\n\n\n\n<table id=\"tablepress-5\" class=\"tablepress tablepress-id-5\">\n<tbody class=\"row-hover\">\n<tr class=\"row-1\">\n\t<td class=\"column-1\" style=\"width:10%;\">2011\/2012 <\/td><td class=\"column-2\" style=\"width:90%;\"> cr\u00e9ation du club, affil\u00e9 \u00e0 la FFRS, par Arlette Delcour avec une vingtaine d&#8217;adh\u00e9rents.<\/td>\n<\/tr>\n<tr class=\"row-2\">\n\t<td class=\"column-1\">2014\/2015 <\/td><td class=\"column-2\"> d\u00e9monstration de danses au salon des s\u00e9niors \u00e0 Paris.<\/td>\n<\/tr>\n<tr class=\"row-3\">\n\t<td class=\"column-1\">2015\/2016 <\/td><td class=\"column-2\"> \u00c9lisabeth Chabot est \u00e9lue pr\u00e9sidente du club lors de l&#8217;A.G. du 15 d\u00e9cembre<br \/>\nCr\u00e9ation des sections tir \u00e0 l&#8217;arc et cyclo loisir.<\/td>\n<\/tr>\n<tr class=\"row-4\">\n\t<td class=\"column-1\">2016\/2017 <\/td><td class=\"column-2\"> le club re\u00e7oit l&#8217;habilitation de l&#8217;administration fiscale \u00e0 percevoir des dons.<\/td>\n<\/tr>\n<tr class=\"row-5\">\n\t<td class=\"column-1\">2017\/2018 <\/td><td class=\"column-2\"> 136 adh\u00e9rents<br \/>\nCr\u00e9ation de l&#8217;activit\u00e9 Yoga.<\/td>\n<\/tr>\n<tr class=\"row-6\">\n\t<td class=\"column-1\">2018\/2019 <\/td><td class=\"column-2\"> 147 adh\u00e9rents aux activit\u00e9s dont 25 hors CSSSC.<br \/>\nCr\u00e9ation de la section Neuron-Activ&#8217;.<\/td>\n<\/tr>\n<tr class=\"row-7\">\n\t<td class=\"column-1\">2019\/2020 <\/td><td class=\"column-2\"> 169 adh\u00e9rents participent aux activit\u00e9s dont 30 hors CSSSC.<br \/>\nCr\u00e9ation de la section Pilates en septembre 2020.<\/td>\n<\/tr>\n<tr class=\"row-8\">\n\t<td class=\"column-1\">2020\/2021 <\/td><td class=\"column-2\"> 157 adh\u00e9rents participent aux activit\u00e9s dont 21 du RSCH (la baisse des adh\u00e9sions est due\u00a0\u00e0 la crise sanitaire de 2020 provoqu\u00e9e par le covid19 et plusieurs d\u00e9parts en province).<br \/>\nSignature de la Charte de la la\u00efcit\u00e9 et des valeurs de la R\u00e9publique du Val d&#8217;Oise.<\/td>\n<\/tr>\n<tr class=\"row-9\">\n\t<td class=\"column-1\">2021\/2022 <\/td><td class=\"column-2\"> 144 adh\u00e9rents aux activit\u00e9s dont 13 du RSCH.<br \/>\nMise en place de la section &#8220;marche nordique&#8221;.<br \/>\nLe club a f\u00eat\u00e9 ses 10 ans d&#8217;existence lors de l&#8217;assembl\u00e9e g\u00e9n\u00e9rale qui s&#8217;est tenue en novembre 2021.<\/td>\n<\/tr>\n<tr class=\"row-10\">\n\t<td class=\"column-1\">2022\/2023 <\/td><td class=\"column-2\"> 178 adh\u00e9rents participent \u00e0 nos activit\u00e9s.<br \/>\nCr\u00e9ation des sections &#8220;Activ&#8217;M\u00e9moire&#8221; et atelier photos avec deux animateurs dans chacune des activit\u00e9s.<\/td>\n<\/tr>\n<tr class=\"row-11\">\n\t<td class=\"column-1\">2023\/2024 <\/td><td class=\"column-2\"> 223 adh\u00e9rents (dont 25 hors CSSSC).<br \/>\nCr\u00e9ation des sections &#8220;Pickleball&#8221; et &#8220;jeux de soci\u00e9t\u00e9s&#8221; avec deux animateurs dans chacune de ces activit\u00e9s.<\/td>\n<\/tr>\n<tr class=\"row-12\">\n\t<td class=\"column-1\">2024\/2025 <\/td><td class=\"column-2\"> 240 adh\u00e9rents (dont 22 hors CSSSC).<br \/>\nElection du nouveau comit\u00e9 directeur \u00e9lu pour quatre ans.<\/td>\n<\/tr>\n<tr class=\"row-13\">\n\t<td class=\"column-1\">2025\/2026 <\/td><td class=\"column-2\"> Changement de f\u00e9d\u00e9ration au 1er septembre 2025. Le club quitte la FFRS pour rejoindre la FFSpT (f\u00e9d\u00e9ration fran\u00e7aise de sports\u00a0 pour Tous).<br \/>\nA l&#8217;ouverture de cette nouvelle saison, ce sont 17 activit\u00e9s que nous proposons \u00e0 nos 246 adh\u00e9rents.<br \/>\nL&#8217;activit\u00e9 &#8220;Activ&#8217;M\u00e9moire&#8221; est remplac\u00e9e par &#8220;M\u00e9moire Dynamique&#8221;.<br \/>\nOuverture d&#8217;un atelier th\u00e9\u00e2tre d&#8217;art et de cr\u00e9ativit\u00e9.<\/td>\n<\/tr>\n<\/tbody>\n<\/table>\n<!-- #tablepress-5 from cache -->\n\n\n<p><\/p>\n","protected":false},"excerpt":{"rendered":"<p>Le club est La F\u00e9d\u00e9ration Fran\u00e7aise Sport pour Tous, agr\u00e9\u00e9e par le minist\u00e8re des Sports est Un peu d\u2019histoire En avril 2011, le Club Sport S\u00e9nior Sant\u00e9 a vu le jour \u00e0 Courdimanche \u00e0 l\u2019initiative d\u2019Arlette DELCOUR, notre premi\u00e8re pr\u00e9sidente au sein de la FFRS. Les activit\u00e9s propos\u00e9es ont \u00e9t\u00e9 \u00e0 ces d\u00e9buts&nbsp; la danse [&hellip;]<\/p>\n","protected":false},"author":3,"featured_media":0,"parent":9,"menu_order":0,"comment_status":"closed","ping_status":"closed","template":"le-club","meta":{"footnotes":""},"class_list":["post-13","page","type-page","status-publish","hentry"],"_links":{"self":[{"href":"https:\/\/sportseniorcourdimanche.com\/index.php?rest_route=\/wp\/v2\/pages\/13","targetHints":{"allow":["GET"]}}],"collection":[{"href":"https:\/\/sportseniorcourdimanche.com\/index.php?rest_route=\/wp\/v2\/pages"}],"about":[{"href":"https:\/\/sportseniorcourdimanche.com\/index.php?rest_route=\/wp\/v2\/types\/page"}],"author":[{"embeddable":true,"href":"https:\/\/sportseniorcourdimanche.com\/index.php?rest_route=\/wp\/v2\/users\/3"}],"replies":[{"embeddable":true,"href":"https:\/\/sportseniorcourdimanche.com\/index.php?rest_route=%2Fwp%2Fv2%2Fcomments&post=13"}],"version-history":[{"count":93,"href":"https:\/\/sportseniorcourdimanche.com\/index.php?rest_route=\/wp\/v2\/pages\/13\/revisions"}],"predecessor-version":[{"id":14911,"href":"https:\/\/sportseniorcourdimanche.com\/index.php?rest_route=\/wp\/v2\/pages\/13\/revisions\/14911"}],"up":[{"embeddable":true,"href":"https:\/\/sportseniorcourdimanche.com\/index.php?rest_route=\/wp\/v2\/pages\/9"}],"wp:attachment":[{"href":"https:\/\/sportseniorcourdimanche.com\/index.php?rest_route=%2Fwp%2Fv2%2Fmedia&parent=13"}],"curies":[{"name":"wp","href":"https:\/\/api.w.org\/{rel}","templated":true}]}}