{"id":11175,"date":"2023-11-21T15:40:37","date_gmt":"2023-11-21T14:40:37","guid":{"rendered":"https:\/\/sportseniorcourdimanche.com\/?page_id=11175"},"modified":"2026-04-25T11:17:08","modified_gmt":"2026-04-25T09:17:08","slug":"jeux-de-societe","status":"publish","type":"page","link":"https:\/\/sportseniorcourdimanche.com\/?page_id=11175","title":{"rendered":"Jeux de soci\u00e9t\u00e9"},"content":{"rendered":"\n<div class=\"wp-block-media-text is-stacked-on-mobile\" style=\"grid-template-columns:15% auto\"><figure class=\"wp-block-media-text__media\"><img loading=\"lazy\" decoding=\"async\" width=\"302\" height=\"233\" src=\"https:\/\/sportseniorcourdimanche.com\/wp-content\/uploads\/2026\/02\/jeu.png\" alt=\"\" class=\"wp-image-15499 size-full\"\/><\/figure><div class=\"wp-block-media-text__content\">\n<p>Animateurs :&nbsp;<strong>C\u00e9sar TERREN et Philippe BOQUET<\/strong><\/p>\n\n\n\n<p>R\u00e9f\u00e9rent(e)&nbsp; de &nbsp;l\u2019activit\u00e9 :&nbsp;<strong>C\u00e9sar TERREN&nbsp;<\/strong><\/p>\n<\/div><\/div>\n\n\n\n<h3 class=\"wp-block-heading\">Cotisation annuelle :&nbsp;<span style=\"color: #000080;\"><strong>10.00 euros\/adh\u00e9rent<\/strong><\/span><\/h3>\n\n\n\n<h2 class=\"wp-block-heading\"><span style=\"color: #0000ff;\"><strong>Pr\u00e9sentation en quelques mots<\/strong><\/span><\/h2>\n\n\n\n<p>Venez partager des moments de plaisir et de d\u00e9tente autour d\u2019une s\u00e9lection de jeux de soci\u00e9t\u00e9. Notre activit\u00e9 est l\u2019occasion parfaite de se retrouver pour un temps ludique et convivial.<\/p>\n\n\n\n<p>Nous partageons la salle de jeux avec l\u2019association \u00ab&nbsp;la confr\u00e9rie des jeux&nbsp;\u00bb dans le cadre des relations interg\u00e9n\u00e9rationnelles.<\/p>\n\n\n\n<h2 class=\"wp-block-heading\"><span style=\"color: #0000ff;\"><strong>Organisation <\/strong><\/span><\/h2>\n\n\n\n<p>Lieu :<strong>&nbsp; MELC, 64 boulevard des Chasseurs \u00e0 Courdimanche<\/strong><\/p>\n\n\n\n<p>Public :<strong>&nbsp; \u00eatre adh\u00e9rent au CSSSC<\/strong><\/p>\n\n\n\n<p>Fr\u00e9quence : <strong>Un samedi&nbsp; par mois<\/strong><\/p>\n\n\n\n<p>Horaires : <strong>14h 00 \u00e0 18h 00<\/strong><\/p>\n\n\n\n<h3 class=\"wp-block-heading\">R\u00e8glement sp\u00e9cifique \u00e0\u00a0 l&#8217;activit\u00e9 : <span style=\"color: #ff0000;\"><em><strong><a href=\"https:\/\/sportseniorcourdimanche.com\/wp-content\/uploads\/2026\/02\/RS-Jeux-de-societe-MaJ-2026.pdf\" target=\"_blank\" rel=\"noreferrer noopener\">RS Jeux de soci\u00e9t\u00e9 M\u00e0J 2026<\/a><\/strong><\/em><\/span><\/h3>\n\n\n\n<h2 class=\"wp-block-heading\"><span style=\"color: #0000ff;\"><strong>En savoir plus sur l&#8217;activit\u00e9<\/strong><\/span><\/h2>\n\n\n\n<h3 class=\"wp-block-heading\"><span style=\"color: #0000ff\"><strong>Planning des rencontres<\/strong><\/span> :<\/h3>\n\n\n\n<ul class=\"wp-block-list\">\n<li><strong>Samedi 04 octobre 2025<\/strong><\/li>\n\n\n\n<li><strong>Samedi 25 octobre 2025<\/strong><\/li>\n\n\n\n<li><strong>Samedi 29 novembre 2025<\/strong><\/li>\n\n\n\n<li><strong>Samedi 29 mars 2026<\/strong><\/li>\n\n\n\n<li><strong>Samedi 02 mai 2026<\/strong><\/li>\n\n\n\n<li><strong>Samedi 30 mai 2026 (<em>\u00e0 confirmer<\/em>)<\/strong><\/li>\n\n\n\n<li><strong>Samedi 04 juillet 2026<\/strong><\/li>\n<\/ul>\n\n\n\n<h3 class=\"wp-block-heading\"><span style=\"color: #0000ff\"><strong>Au programme<\/strong><\/span> :<\/h3>\n\n\n\n<ul class=\"wp-block-list\">\n<li><strong><span style=\"font-size: 14.0pt;font-style: normal\"><span style=\"color: #000000\">Les animateurs proposent une vari\u00e9t\u00e9 de jeux<\/span> :<\/span><\/strong>\n<ul class=\"wp-block-list\">\n<li>Jeu de strat\u00e9gie et de r\u00e9flexion : <span style=\"color: #000000\"><strong>AZUL<\/strong><\/span><strong><span style=\"color: #000000\">, <strong style=\"font-size: revert;color: initial\">PUNTO, TRIOMINOS CLASSIQUE<\/strong><\/span><\/strong><\/li>\n\n\n\n<li><span style=\"font-size: revert;color: initial\">Jeu de cartes : <strong>BELOTE, SKYJO ACTION, SPLITO, TAROT, TRIO, UNO<\/strong><\/span><\/li>\n\n\n\n<li><span style=\"font-size: revert;color: initial\">&nbsp;Jeu d\u2019ambiance coop\u00e9ratif : <strong>JUST ONE<\/strong><\/span><\/li>\n<\/ul>\n<\/li>\n\n\n\n<li><strong><span style=\"font-size: 14.0pt;font-style: normal\"><span style=\"color: #000000\">Les participants peuvent venir, s\u2019ils le souhaitent, avec leurs jeux personnels<\/span>.<\/span><\/strong><\/li>\n<\/ul>\n\n\n\n<h3 class=\"wp-block-heading\"><span style=\"color: #0000ff\"><strong>Pourquoi (re)jouer ? Les multiples vertus du jeu de soci\u00e9t\u00e9<\/strong><\/span> :<\/h3>\n\n\n\n<h3 class=\"wp-block-heading\"><span style=\"color: #000000\">Le jeu de soci\u00e9t\u00e9 est un lien social pr\u00e9cieux qui sollicite nos facult\u00e9s cognitives tout en procurant un plaisir imm\u00e9diat.<\/span><\/h3>\n\n\n\n<h3 class=\"wp-block-heading\"><strong>Les bienfaits des jeux de soci\u00e9t\u00e9 en un coup d&#8217;\u0153il :<\/strong><\/h3>\n\n\n\n<p><span style=\"color: #0000ff;\"><strong>Les bienfaits des jeux de soci\u00e9t\u00e9 en un coup d&#8217;\u0153il :<\/strong><\/span><\/p>\n\n\n\n<ul class=\"wp-block-list\">\n<li><strong>Sant\u00e9 Cognitive :<\/strong> Stimulation de la m\u00e9moire, de la strat\u00e9gie et de l&#8217;attention.<\/li>\n\n\n\n<li><strong>Habilet\u00e9s Motrices :<\/strong> D\u00e9veloppement de la dext\u00e9rit\u00e9 et de la pr\u00e9cision (manipulation de pi\u00e8ces).<\/li>\n\n\n\n<li><strong>\u00c9quilibre \u00c9motionnel :<\/strong> R\u00e9duction du stress gr\u00e2ce au rire et au partage.<\/li>\n\n\n\n<li><strong>Connexion Humaine :<\/strong> Une alternative conviviale \u00e0 la solitude num\u00e9rique.<\/li>\n\n\n\n<li><strong><span style=\"color: #000000;\">Chaque type de jeux apporte ses bienfaits :<\/span><\/strong>\n<ul class=\"wp-block-list\">\n<li><strong>Jeux de cartes :<\/strong> Ils aiguisent la concentration, l&#8217;observation et la prise de d\u00e9cision rapide.<\/li>\n\n\n\n<li><strong>Jeux de m\u00e9moire (Memory) :<\/strong> Parfaits pour solliciter les capacit\u00e9s de rappel et le sens visuel.<\/li>\n\n\n\n<li><strong>Jeux de manipulation :<\/strong> Id\u00e9aux pour travailler la motricit\u00e9 fine, la coordination \u0153il-main et la logique spatiale.<\/li>\n<\/ul>\n<\/li>\n<\/ul>\n\n\n\n<p>&nbsp;<\/p>\n\n\n\n<ul class=\"wp-block-list\"><\/ul>\n","protected":false},"excerpt":{"rendered":"<p>Animateurs :&nbsp;C\u00e9sar TERREN et Philippe BOQUET R\u00e9f\u00e9rent(e)&nbsp; de &nbsp;l\u2019activit\u00e9 :&nbsp;C\u00e9sar TERREN&nbsp; Cotisation annuelle :&nbsp;10.00 euros\/adh\u00e9rent Pr\u00e9sentation en quelques mots Venez partager des moments de plaisir et de d\u00e9tente autour d\u2019une s\u00e9lection de jeux de soci\u00e9t\u00e9. Notre activit\u00e9 est l\u2019occasion parfaite de se retrouver pour un temps ludique et convivial. Nous partageons la salle de jeux [&hellip;]<\/p>\n","protected":false},"author":3,"featured_media":0,"parent":0,"menu_order":0,"comment_status":"closed","ping_status":"closed","template":"activit-s","meta":{"footnotes":""},"class_list":["post-11175","page","type-page","status-publish","hentry"],"_links":{"self":[{"href":"https:\/\/sportseniorcourdimanche.com\/index.php?rest_route=\/wp\/v2\/pages\/11175","targetHints":{"allow":["GET"]}}],"collection":[{"href":"https:\/\/sportseniorcourdimanche.com\/index.php?rest_route=\/wp\/v2\/pages"}],"about":[{"href":"https:\/\/sportseniorcourdimanche.com\/index.php?rest_route=\/wp\/v2\/types\/page"}],"author":[{"embeddable":true,"href":"https:\/\/sportseniorcourdimanche.com\/index.php?rest_route=\/wp\/v2\/users\/3"}],"replies":[{"embeddable":true,"href":"https:\/\/sportseniorcourdimanche.com\/index.php?rest_route=%2Fwp%2Fv2%2Fcomments&post=11175"}],"version-history":[{"count":49,"href":"https:\/\/sportseniorcourdimanche.com\/index.php?rest_route=\/wp\/v2\/pages\/11175\/revisions"}],"predecessor-version":[{"id":16024,"href":"https:\/\/sportseniorcourdimanche.com\/index.php?rest_route=\/wp\/v2\/pages\/11175\/revisions\/16024"}],"wp:attachment":[{"href":"https:\/\/sportseniorcourdimanche.com\/index.php?rest_route=%2Fwp%2Fv2%2Fmedia&parent=11175"}],"curies":[{"name":"wp","href":"https:\/\/api.w.org\/{rel}","templated":true}]}}