{"id":10802,"date":"2023-06-30T08:56:18","date_gmt":"2023-06-30T06:56:18","guid":{"rendered":"https:\/\/sportseniorcourdimanche.com\/?page_id=10802"},"modified":"2026-04-25T18:03:53","modified_gmt":"2026-04-25T16:03:53","slug":"pickelball","status":"publish","type":"page","link":"https:\/\/sportseniorcourdimanche.com\/?page_id=10802","title":{"rendered":"Pickleball"},"content":{"rendered":"\n<div class=\"wp-block-media-text is-stacked-on-mobile\" style=\"grid-template-columns:15% auto\"><figure class=\"wp-block-media-text__media\"><img loading=\"lazy\" decoding=\"async\" width=\"164\" height=\"133\" src=\"https:\/\/sportseniorcourdimanche.com\/wp-content\/uploads\/2026\/02\/pick.png\" alt=\"\" class=\"wp-image-15523 size-full\"\/><\/figure><div class=\"wp-block-media-text__content\">\n<h3 class=\"wp-block-heading\">Animation <strong>:<\/strong>&nbsp; <span style=\"color: #000080;\">Philippe <strong>CECAT<\/strong>, Bernadette <strong>CRUCHANT <\/strong>et Fr\u00e9d\u00e9ric <strong>BOMPANE<\/strong><\/span><\/h3>\n\n\n\n<h3 class=\"wp-block-heading\">R\u00e9f\u00e9rent de l\u2019activit\u00e9 :<strong>&nbsp;<span style=\"color: #000080;\">Philippe CECAT<\/span><\/strong><\/h3>\n<\/div><\/div>\n\n\n\n<h3 class=\"wp-block-heading\">Cotisation annuelle :\u00a0\u00a0<strong><span style=\"color: #000080;\">25 euros\/a<\/span>dh\u00e9rent<\/strong><\/h3>\n\n\n\n<h2 class=\"wp-block-heading\"><span style=\"color: #0000ff;\"><strong>Pr\u00e9sentation en quelques mots<\/strong><\/span><\/h2>\n\n\n\n<p><strong>Bien plus qu\u2019une mode, le Pickleball est un sport \u00ab amusant \u00bb et \u00ab stimulant \u00bb qui peut \u00eatre jou\u00e9 en loisir par un grand nombre de personnes. Ce sport de raquettes combine les \u00e9l\u00e9ments du tennis, du badminton et du tennis de table. Il se joue sur un terrain de type \u00ab mini-tennis \u00bb, en double ou en simple. Les raquettes pleines sont l\u00e9g\u00e8res. Les balles sont en plastique, l\u00e9g\u00e8res et perfor\u00e9es.<\/strong><\/p>\n\n\n\n<h2 class=\"wp-block-heading\"><span style=\"color: #0000ff;\"><strong>Organisation<\/strong><\/span><\/h2>\n\n\n\n<h3 class=\"wp-block-heading\">S\u00e9ance :&nbsp;<strong>jeudi de&nbsp; 14 h 00 \u00e0 16 h 00<\/strong><\/h3>\n\n\n\n<h3 class=\"wp-block-heading\">Lieu :&nbsp;<strong>complexe tennistique du Bois d\u2019Aton, 52 rue des Grands Bouleaux \u00e0 Courdimanche<\/strong>.<\/h3>\n\n\n\n<h3 class=\"wp-block-heading\">R\u00e8glement \u00a0sp\u00e9cifique \u00e0\u00a0 la pratique du pickleball\u00a0 :\u00a0<span style=\"color: #ff0000;\"><strong><em><a href=\"https:\/\/sportseniorcourdimanche.com\/wp-content\/uploads\/2026\/02\/RS-Pickleball-MaJ-2026.pdf\" target=\"_blank\" rel=\"noreferrer noopener\">RS Pickleball M\u00e0J 2026<\/a><\/em><\/strong><\/span><\/h3>\n\n\n\n<h3 class=\"wp-block-heading\">Balles et raquettes :&nbsp;<strong>le club met \u00e0 disposition des joueurs ces accessoires<\/strong>&nbsp;<strong>qui seront \u00e0 se partager<\/strong>.<\/h3>\n\n\n\n<h3 class=\"wp-block-heading\">Installation et rangement du mat\u00e9riel :&nbsp;<strong>cette activit\u00e9 demande la participation de l\u2019ensemble des pratiquants pour la mise en place et le d\u00e9montage des mat\u00e9riels \u00e0 chaque s\u00e9ance.<\/strong>&nbsp;<strong>Tout le monde sera mis \u00e0 contribution suivant un roulement dont le suivi sera g\u00e9r\u00e9 par les animateurs.<\/strong><\/h3>\n\n\n\n<h2 class=\"wp-block-heading\"><span style=\"color: #0000ff;\"><strong>En savoir plus sur l\u2019activit\u00e9<\/strong><\/span><\/h2>\n\n\n\n<p><span style=\"color: #000000;\"><strong>Fiche d\u2019informations \u00e0 la pratique du pickleball&nbsp;<\/strong>:<\/span><\/p>\n\n\n\n<ul class=\"wp-block-list\">\n<li><h3><strong><span style=\"color: #ff0000;\"><a href=\"https:\/\/sportseniorcourdimanche.com\/wp-content\/uploads\/2023\/09\/CSSSC-Pickleball-6-raisons-de-pratiquer.pdf\" target=\"_blank\" rel=\"noreferrer noopener\">Pickleball 6 raisons de pratiquer<\/a><\/span><\/strong><\/h3><\/li>\n<\/ul>\n\n\n\n<ul class=\"wp-block-list\">\n<li><h3><strong style=\"color: rgb(255, 0, 0); letter-spacing: -0.1px;\"><a href=\"https:\/\/sportseniorcourdimanche.com\/wp-content\/uploads\/2023\/06\/Fiche-de-synthese-1-scaled.jpeg\" target=\"_blank\" rel=\"noreferrer noopener\">Fiche de synth\u00e8se 1<\/a><\/strong><\/h3><\/li>\n\n\n\n<li><h3><span style=\"color: #ff0000;\"><strong><a style=\"color: #ff0000;\" href=\"https:\/\/sportseniorcourdimanche.com\/wp-content\/uploads\/2023\/06\/Fiche-de-synthese-2-scaled.jpeg\" target=\"_blank\" rel=\"noreferrer noopener\">Fiche de synth\u00e8se 2<\/a><\/strong><\/span><\/h3><\/li>\n\n\n\n<li><h3><strong style=\"color: rgb(255, 0, 0); letter-spacing: -0.1px;\"><a href=\"https:\/\/sportseniorcourdimanche.com\/wp-content\/uploads\/2023\/04\/terr-3.jpg\" target=\"_blank\" rel=\"noreferrer noopener\">Dimensions du terrain<\/a><\/strong><\/h3><\/li>\n\n\n\n<li><h3><strong style=\"letter-spacing: -0.1px; color: rgb(255, 0, 0);\"><a style=\"color: #ff0000;\" href=\"https:\/\/sportseniorcourdimanche.com\/wp-content\/uploads\/2023\/06\/Pickleball-Guide-du-debutant.pdf\" target=\"_blank\" rel=\"noreferrer noopener\">Pickleball Guide du d\u00e9butant<\/a><\/strong><\/h3><\/li>\n\n\n\n<li><h3><strong style=\"letter-spacing: -0.1px; color: rgb(255, 0, 0);\"><a href=\"https:\/\/sportseniorcourdimanche.com\/wp-content\/uploads\/2023\/04\/Pickleball-reglement-officiel.pdf\" target=\"_blank\" rel=\"noreferrer noopener\">Pickleball R\u00e8glement officiel.pdf<\/a><\/strong><\/h3><\/li>\n<\/ul>\n\n\n\n<h3 class=\"wp-block-heading\"><span style=\"color: #000000;\"><strong>Pickleball en vid\u00e9o :<\/strong><\/span><\/h3>\n\n\n\n<ul class=\"wp-block-list\">\n<li><h3><strong><span style=\"color: #ff0000;\"><em><a href=\"https:\/\/sportseniorcourdimanche.com\/wp-content\/uploads\/2024\/03\/DIAPO-PICKLEBALL-2024-WMV.wmv\" target=\"_blank\" rel=\"noreferrer noopener\">Diaporama PICKLEBALL 2024<\/a><\/em><\/span><\/strong><\/h3><\/li>\n<\/ul>\n","protected":false},"excerpt":{"rendered":"<p>Animation :&nbsp; Philippe CECAT, Bernadette CRUCHANT et Fr\u00e9d\u00e9ric BOMPANE R\u00e9f\u00e9rent de l\u2019activit\u00e9 :&nbsp;Philippe CECAT Cotisation annuelle :\u00a0\u00a025 euros\/adh\u00e9rent Pr\u00e9sentation en quelques mots Bien plus qu\u2019une mode, le Pickleball est un sport \u00ab amusant \u00bb et \u00ab stimulant \u00bb qui peut \u00eatre jou\u00e9 en loisir par un grand nombre de personnes. Ce sport de raquettes combine [&hellip;]<\/p>\n","protected":false},"author":3,"featured_media":0,"parent":0,"menu_order":0,"comment_status":"closed","ping_status":"closed","template":"activit-s","meta":{"footnotes":""},"class_list":["post-10802","page","type-page","status-publish","hentry"],"_links":{"self":[{"href":"https:\/\/sportseniorcourdimanche.com\/index.php?rest_route=\/wp\/v2\/pages\/10802","targetHints":{"allow":["GET"]}}],"collection":[{"href":"https:\/\/sportseniorcourdimanche.com\/index.php?rest_route=\/wp\/v2\/pages"}],"about":[{"href":"https:\/\/sportseniorcourdimanche.com\/index.php?rest_route=\/wp\/v2\/types\/page"}],"author":[{"embeddable":true,"href":"https:\/\/sportseniorcourdimanche.com\/index.php?rest_route=\/wp\/v2\/users\/3"}],"replies":[{"embeddable":true,"href":"https:\/\/sportseniorcourdimanche.com\/index.php?rest_route=%2Fwp%2Fv2%2Fcomments&post=10802"}],"version-history":[{"count":58,"href":"https:\/\/sportseniorcourdimanche.com\/index.php?rest_route=\/wp\/v2\/pages\/10802\/revisions"}],"predecessor-version":[{"id":16053,"href":"https:\/\/sportseniorcourdimanche.com\/index.php?rest_route=\/wp\/v2\/pages\/10802\/revisions\/16053"}],"wp:attachment":[{"href":"https:\/\/sportseniorcourdimanche.com\/index.php?rest_route=%2Fwp%2Fv2%2Fmedia&parent=10802"}],"curies":[{"name":"wp","href":"https:\/\/api.w.org\/{rel}","templated":true}]}}